{"id":2302,"date":"2026-03-13T18:02:07","date_gmt":"2026-03-13T18:02:07","guid":{"rendered":"https:\/\/espacedespossibles.fr\/?page_id=2302"},"modified":"2026-03-15T20:32:52","modified_gmt":"2026-03-15T20:32:52","slug":"massage-californien-3-2-3","status":"publish","type":"page","link":"https:\/\/espacedespossibles.fr\/?page_id=2302","title":{"rendered":"Expansion de conscience et techniques de guidance verbale"},"content":{"rendered":"\n<figure class=\"wp-block-table is-style-stripes has-medium-font-size\"><table><tbody><tr><td>\u263c 5 Jours<\/td><td>\u058e 35 Heures<\/td><td>\u2642\u2640 Tout Public<\/td><td>\u06de Rythme Personnalisable <\/td><td>\u20ac 710 \/ Module<\/td><\/tr><\/tbody><\/table><\/figure>\n\n\n\n<h2 class=\"wp-block-heading has-text-align-center\" id=\"wt-container-instance-13848784\">Expansion de conscience et techniques de guidance verbale<\/h2>\n\n\n\n<h5 class=\"wp-block-heading has-text-align-center has-nv-light-bg-background-color has-background has-medium-font-size\">Objectifs de la formation<\/h5>\n\n\n\n<p class=\"has-text-align-center\">Cette formation s\u2019inscrit dans&nbsp;<strong>une vision globale de l\u2019\u00eatre humain.<\/strong>&nbsp;Elle a pour objectif de&nbsp;<strong>d\u00e9velopper ses perceptions extrasensorielles, <\/strong>d&rsquo;explorer les \u00e9tats de conscience modifi\u00e9s, se connecter aux plans de Lumi\u00e8re<\/p>\n\n\n\n<h2 class=\"wp-block-heading has-text-align-center has-nv-light-bg-background-color has-background has-medium-font-size\">Comp\u00e9tences Vis\u00e9es<\/h2>\n\n\n\n<h2 class=\"wp-block-heading has-text-align-center has-nv-light-bg-background-color has-background has-medium-font-size\">M\u00e9thode p\u00e9dagogique utilis\u00e9e<\/h2>\n\n\n\n<div style=\"height:20px\" aria-hidden=\"true\" class=\"wp-block-spacer\"><\/div>\n\n\n\n<h2 class=\"wp-block-heading has-text-align-center has-nv-light-bg-background-color has-background has-medium-font-size\">Public Concern\u00e9<\/h2>\n\n\n\n<p class=\"has-text-align-center\">Tout public concern\u00e9, notamment les professionnels du bien-\u00eatre, de l&rsquo;accompagnement \u00e0 la personne : Sophrologues, hypnoth\u00e9rapeutes, psychopraticien, coachs&nbsp;de la sant\u00e9, magn\u00e9tiseurs, th\u00e9rapeute, professionnels du massage et de l\u2019esth\u00e9tique.<\/p>\n\n\n\n<h2 class=\"wp-block-heading has-text-align-center has-nv-light-bg-background-color has-background has-medium-font-size\">Objectifs p\u00e9dagogiques<\/h2>\n\n\n\n<div class=\"wp-block-media-text alignwide is-stacked-on-mobile is-vertically-aligned-center\" style=\"grid-template-columns:40% auto\"><figure class=\"wp-block-media-text__media\"><img loading=\"lazy\" decoding=\"async\" width=\"1022\" height=\"1024\" src=\"https:\/\/espacedespossibles.fr\/wp-content\/uploads\/2026\/03\/ennaej-protection-8910313_1920-1022x1024.jpg\" alt=\"\" class=\"wp-image-2319 size-full\" srcset=\"https:\/\/espacedespossibles.fr\/wp-content\/uploads\/2026\/03\/ennaej-protection-8910313_1920-1022x1024.jpg 1022w, https:\/\/espacedespossibles.fr\/wp-content\/uploads\/2026\/03\/ennaej-protection-8910313_1920-300x300.jpg 300w, https:\/\/espacedespossibles.fr\/wp-content\/uploads\/2026\/03\/ennaej-protection-8910313_1920-150x150.jpg 150w, https:\/\/espacedespossibles.fr\/wp-content\/uploads\/2026\/03\/ennaej-protection-8910313_1920-768x769.jpg 768w, https:\/\/espacedespossibles.fr\/wp-content\/uploads\/2026\/03\/ennaej-protection-8910313_1920-1534x1536.jpg 1534w, https:\/\/espacedespossibles.fr\/wp-content\/uploads\/2026\/03\/ennaej-protection-8910313_1920.jpg 1917w\" sizes=\"auto, (max-width: 1022px) 100vw, 1022px\" \/><\/figure><div class=\"wp-block-media-text__content\">\n<p><br>&#8211; Expansions de conscience des m\u00e9moires karmiques et transg\u00e9n\u00e9rationnelles<br>&#8211; Technique de r\u00e9gression dans les vies ant\u00e9rieures.<br>&#8211; Sur la trace des Atlantes, des peuples galactiques<\/p>\n<\/div><\/div>\n\n\n\n<div class=\"wp-block-media-text alignwide has-media-on-the-right is-stacked-on-mobile\" style=\"grid-template-columns:auto 44%\"><div class=\"wp-block-media-text__content\">\n<p><br>&#8211; Activation de l\u2019\u00e9nergie par le souffle, le son, les pratiques corporelles&nbsp;<br>&#8211; Exploration des \u00e9tats modifi\u00e9s de conscience.<\/p>\n<\/div><figure class=\"wp-block-media-text__media\"><img loading=\"lazy\" decoding=\"async\" width=\"1024\" height=\"585\" src=\"https:\/\/espacedespossibles.fr\/wp-content\/uploads\/2026\/03\/movimientodespierta-ai-generated-9242739_1920-1024x585.png\" alt=\"\" class=\"wp-image-2317 size-full\" srcset=\"https:\/\/espacedespossibles.fr\/wp-content\/uploads\/2026\/03\/movimientodespierta-ai-generated-9242739_1920-1024x585.png 1024w, https:\/\/espacedespossibles.fr\/wp-content\/uploads\/2026\/03\/movimientodespierta-ai-generated-9242739_1920-300x171.png 300w, https:\/\/espacedespossibles.fr\/wp-content\/uploads\/2026\/03\/movimientodespierta-ai-generated-9242739_1920-768x438.png 768w, https:\/\/espacedespossibles.fr\/wp-content\/uploads\/2026\/03\/movimientodespierta-ai-generated-9242739_1920-1536x877.png 1536w, https:\/\/espacedespossibles.fr\/wp-content\/uploads\/2026\/03\/movimientodespierta-ai-generated-9242739_1920.png 1920w\" sizes=\"auto, (max-width: 1024px) 100vw, 1024px\" \/><\/figure><\/div>\n\n\n\n<div class=\"wp-block-media-text alignwide is-stacked-on-mobile\" style=\"grid-template-columns:40% auto\"><figure class=\"wp-block-media-text__media\"><img loading=\"lazy\" decoding=\"async\" width=\"574\" height=\"1024\" src=\"https:\/\/espacedespossibles.fr\/wp-content\/uploads\/2026\/03\/tylijura-spiritual-9701251_1920-574x1024.jpg\" alt=\"\" class=\"wp-image-2322 size-full\" srcset=\"https:\/\/espacedespossibles.fr\/wp-content\/uploads\/2026\/03\/tylijura-spiritual-9701251_1920-574x1024.jpg 574w, https:\/\/espacedespossibles.fr\/wp-content\/uploads\/2026\/03\/tylijura-spiritual-9701251_1920-168x300.jpg 168w, https:\/\/espacedespossibles.fr\/wp-content\/uploads\/2026\/03\/tylijura-spiritual-9701251_1920-768x1370.jpg 768w, https:\/\/espacedespossibles.fr\/wp-content\/uploads\/2026\/03\/tylijura-spiritual-9701251_1920-861x1536.jpg 861w, https:\/\/espacedespossibles.fr\/wp-content\/uploads\/2026\/03\/tylijura-spiritual-9701251_1920.jpg 1076w\" sizes=\"auto, (max-width: 574px) 100vw, 574px\" \/><\/figure><div class=\"wp-block-media-text__content\">\n<p><\/p>\n<\/div><\/div>\n\n\n\n<div style=\"height:20px\" aria-hidden=\"true\" class=\"wp-block-spacer\"><\/div>\n\n\n\n<h2 class=\"wp-block-heading has-text-align-center has-nv-light-bg-background-color has-background has-medium-font-size\">Cursus 2026<\/h2>\n\n\n\n<p class=\"has-text-align-center\">Niveau 1 : Du 7 au 12 Avril 2026<\/p>\n\n\n\n<p class=\"has-text-align-center\">Niveau 2 : Du 17 au 22 Mars 2026 ou du 24 au 27 Mai 2026<\/p>\n\n\n\n<p class=\"has-text-align-center\">Niveau 3 : Du 25 au 30 Avril 2026 ou du 9 au 14 Juillet 2026<\/p>\n\n\n\n<h2 class=\"wp-block-heading has-text-align-center has-nv-light-bg-background-color has-background has-medium-font-size\">Tarifs<\/h2>\n\n\n\n<p class=\"has-text-align-center\">710\u20ac pour 1 module<\/p>\n\n\n\n<h2 class=\"wp-block-heading has-text-align-center has-nv-light-bg-background-color has-background has-medium-font-size\">Infos Pratiques<\/h2>\n\n\n\n<p class=\"has-text-align-center\"><strong>Mat\u00e9riel \u00e0 pr\u00e9voir<\/strong>&nbsp;: Un grand drap de bain ou par\u00e9o ou douta pour la table de soin.<\/p>\n\n\n\n<p class=\"has-text-align-center\">&nbsp;<strong>Pr\u00e9voir<\/strong> une paire de chaussure\/chausson destin\u00e9 \u00e0 l\u2019int\u00e9rieur.<\/p>\n\n\n\n<p class=\"has-text-align-center\"><strong>Tenue&nbsp;:<\/strong>&nbsp; tenue confortable pour pratiquer.&nbsp;<\/p>\n\n\n\n<p class=\"has-text-align-center\">Pour plus d&rsquo;informations, veuillez consulter notre page : <a href=\"https:\/\/espacedespossibles.fr\/?page_id=958\" title=\"Informations pratiques\">Informations pratiques<\/a><\/p>\n\n\n\n<p class=\"has-text-align-center\">Les repas peuvent \u00eatre pris sur place avec ce que chacun am\u00e8ne<\/p>\n\n\n\n<div class=\"wp-block-buttons is-content-justification-center is-layout-flex wp-container-core-buttons-is-layout-16018d1d wp-block-buttons-is-layout-flex\">\n<div class=\"wp-block-button has-custom-width wp-block-button__width-25 is-style-primary\"><a class=\"wp-block-button__link wp-element-button\" href=\"https:\/\/espacedespossibles.fr\/?page_id=75\">Inscription<\/a><\/div>\n<\/div>\n\n\n\n<p><\/p>\n","protected":false},"excerpt":{"rendered":"<p>\u263c 5 Jours \u058e 35 Heures \u2642\u2640 Tout Public \u06de Rythme Personnalisable \u20ac 710 \/ Module Expansion de conscience et techniques de guidance verbale Objectifs de la formation Cette formation&hellip;&nbsp;<a href=\"https:\/\/espacedespossibles.fr\/?page_id=2302\" rel=\"bookmark\">Lire la suite &raquo;<span class=\"screen-reader-text\">Expansion de conscience et techniques de guidance verbale<\/span><\/a><\/p>\n","protected":false},"author":1,"featured_media":0,"parent":0,"menu_order":0,"comment_status":"closed","ping_status":"closed","template":"","meta":{"om_disable_all_campaigns":false,"_eb_attr":"","_monsterinsights_skip_tracking":false,"_monsterinsights_sitenote_active":false,"_monsterinsights_sitenote_note":"","_monsterinsights_sitenote_category":0,"_uf_show_specific_survey":0,"_uf_disable_surveys":false,"neve_meta_sidebar":"","neve_meta_container":"","neve_meta_enable_content_width":"","neve_meta_content_width":0,"neve_meta_title_alignment":"","neve_meta_author_avatar":"","neve_post_elements_order":"","neve_meta_disable_header":"","neve_meta_disable_footer":"","neve_meta_disable_title":"","footnotes":""},"class_list":["post-2302","page","type-page","status-publish","hentry"],"aioseo_notices":[],"jetpack_sharing_enabled":true,"_links":{"self":[{"href":"https:\/\/espacedespossibles.fr\/index.php?rest_route=\/wp\/v2\/pages\/2302","targetHints":{"allow":["GET"]}}],"collection":[{"href":"https:\/\/espacedespossibles.fr\/index.php?rest_route=\/wp\/v2\/pages"}],"about":[{"href":"https:\/\/espacedespossibles.fr\/index.php?rest_route=\/wp\/v2\/types\/page"}],"author":[{"embeddable":true,"href":"https:\/\/espacedespossibles.fr\/index.php?rest_route=\/wp\/v2\/users\/1"}],"replies":[{"embeddable":true,"href":"https:\/\/espacedespossibles.fr\/index.php?rest_route=%2Fwp%2Fv2%2Fcomments&post=2302"}],"version-history":[{"count":10,"href":"https:\/\/espacedespossibles.fr\/index.php?rest_route=\/wp\/v2\/pages\/2302\/revisions"}],"predecessor-version":[{"id":2329,"href":"https:\/\/espacedespossibles.fr\/index.php?rest_route=\/wp\/v2\/pages\/2302\/revisions\/2329"}],"wp:attachment":[{"href":"https:\/\/espacedespossibles.fr\/index.php?rest_route=%2Fwp%2Fv2%2Fmedia&parent=2302"}],"curies":[{"name":"wp","href":"https:\/\/api.w.org\/{rel}","templated":true}]}}