{"id":477,"date":"2022-09-25T14:48:23","date_gmt":"2022-09-25T14:48:23","guid":{"rendered":"https:\/\/espacesdespossibles.live-website.com\/?page_id=477"},"modified":"2023-08-30T10:42:39","modified_gmt":"2023-08-30T10:42:39","slug":"gallerie","status":"publish","type":"page","link":"https:\/\/espacedespossibles.fr\/?page_id=477","title":{"rendered":"Galerie"},"content":{"rendered":"\n<figure class=\"wp-block-gallery has-nested-images columns-default is-cropped wp-block-gallery-2 is-layout-flex wp-block-gallery-is-layout-flex\">\n<figure class=\"wp-block-image size-large\"><img loading=\"lazy\" decoding=\"async\" width=\"1024\" height=\"771\" data-id=\"621\" src=\"https:\/\/espacedespossibles.fr\/wp-content\/uploads\/2022\/12\/Image14-1024x771.jpg\" alt=\"\" class=\"wp-image-621\" srcset=\"https:\/\/espacedespossibles.fr\/wp-content\/uploads\/2022\/12\/Image14-1024x771.jpg 1024w, https:\/\/espacedespossibles.fr\/wp-content\/uploads\/2022\/12\/Image14-300x226.jpg 300w, https:\/\/espacedespossibles.fr\/wp-content\/uploads\/2022\/12\/Image14-768x578.jpg 768w, https:\/\/espacedespossibles.fr\/wp-content\/uploads\/2022\/12\/Image14.jpg 1358w\" sizes=\"auto, (max-width: 1024px) 100vw, 1024px\" \/><\/figure>\n\n\n\n<figure class=\"wp-block-image size-full\"><img loading=\"lazy\" decoding=\"async\" width=\"550\" height=\"333\" data-id=\"719\" src=\"https:\/\/espacedespossibles.fr\/wp-content\/uploads\/2023\/04\/Image11.jpg\" alt=\"\" class=\"wp-image-719\" srcset=\"https:\/\/espacedespossibles.fr\/wp-content\/uploads\/2023\/04\/Image11.jpg 550w, https:\/\/espacedespossibles.fr\/wp-content\/uploads\/2023\/04\/Image11-300x182.jpg 300w\" sizes=\"auto, (max-width: 550px) 100vw, 550px\" \/><\/figure>\n\n\n\n<figure class=\"wp-block-image size-full\"><img loading=\"lazy\" decoding=\"async\" width=\"494\" height=\"353\" data-id=\"619\" src=\"https:\/\/espacedespossibles.fr\/wp-content\/uploads\/2022\/12\/Image12.jpg\" alt=\"\" class=\"wp-image-619\" srcset=\"https:\/\/espacedespossibles.fr\/wp-content\/uploads\/2022\/12\/Image12.jpg 494w, https:\/\/espacedespossibles.fr\/wp-content\/uploads\/2022\/12\/Image12-300x214.jpg 300w\" sizes=\"auto, (max-width: 494px) 100vw, 494px\" \/><\/figure>\n<\/figure>\n\n\n\n<figure class=\"wp-block-gallery has-nested-images columns-default is-cropped wp-block-gallery-3 is-layout-flex wp-block-gallery-is-layout-flex\">\n<figure class=\"wp-block-image size-large\"><img loading=\"lazy\" decoding=\"async\" width=\"1024\" height=\"698\" data-id=\"718\" src=\"https:\/\/espacedespossibles.fr\/wp-content\/uploads\/2023\/04\/Image10-1024x698.png\" alt=\"\" class=\"wp-image-718\" srcset=\"https:\/\/espacedespossibles.fr\/wp-content\/uploads\/2023\/04\/Image10-1024x698.png 1024w, https:\/\/espacedespossibles.fr\/wp-content\/uploads\/2023\/04\/Image10-300x205.png 300w, https:\/\/espacedespossibles.fr\/wp-content\/uploads\/2023\/04\/Image10-768x524.png 768w, https:\/\/espacedespossibles.fr\/wp-content\/uploads\/2023\/04\/Image10-1536x1047.png 1536w, https:\/\/espacedespossibles.fr\/wp-content\/uploads\/2023\/04\/Image10-2048x1396.png 2048w\" sizes=\"auto, (max-width: 1024px) 100vw, 1024px\" \/><\/figure>\n\n\n\n<figure class=\"wp-block-image size-large\"><img loading=\"lazy\" decoding=\"async\" width=\"1024\" height=\"588\" data-id=\"716\" src=\"https:\/\/espacedespossibles.fr\/wp-content\/uploads\/2023\/04\/Image8-1024x588.jpg\" alt=\"\" class=\"wp-image-716\" srcset=\"https:\/\/espacedespossibles.fr\/wp-content\/uploads\/2023\/04\/Image8-1024x588.jpg 1024w, https:\/\/espacedespossibles.fr\/wp-content\/uploads\/2023\/04\/Image8-300x172.jpg 300w, https:\/\/espacedespossibles.fr\/wp-content\/uploads\/2023\/04\/Image8-768x441.jpg 768w, https:\/\/espacedespossibles.fr\/wp-content\/uploads\/2023\/04\/Image8.jpg 1517w\" sizes=\"auto, (max-width: 1024px) 100vw, 1024px\" \/><\/figure>\n\n\n\n<figure class=\"wp-block-image size-large\"><img loading=\"lazy\" decoding=\"async\" width=\"799\" height=\"533\" data-id=\"717\" src=\"https:\/\/espacedespossibles.fr\/wp-content\/uploads\/2023\/04\/Image9.jpg\" alt=\"\" class=\"wp-image-717\" srcset=\"https:\/\/espacedespossibles.fr\/wp-content\/uploads\/2023\/04\/Image9.jpg 799w, https:\/\/espacedespossibles.fr\/wp-content\/uploads\/2023\/04\/Image9-300x200.jpg 300w, https:\/\/espacedespossibles.fr\/wp-content\/uploads\/2023\/04\/Image9-768x512.jpg 768w\" sizes=\"auto, (max-width: 799px) 100vw, 799px\" \/><\/figure>\n\n\n\n<figure class=\"wp-block-image size-large\"><img loading=\"lazy\" decoding=\"async\" width=\"863\" height=\"646\" data-id=\"712\" src=\"https:\/\/espacedespossibles.fr\/wp-content\/uploads\/2023\/04\/Image4.jpg\" alt=\"\" class=\"wp-image-712\" srcset=\"https:\/\/espacedespossibles.fr\/wp-content\/uploads\/2023\/04\/Image4.jpg 863w, https:\/\/espacedespossibles.fr\/wp-content\/uploads\/2023\/04\/Image4-300x225.jpg 300w, https:\/\/espacedespossibles.fr\/wp-content\/uploads\/2023\/04\/Image4-768x575.jpg 768w\" sizes=\"auto, (max-width: 863px) 100vw, 863px\" \/><\/figure>\n\n\n\n<figure class=\"wp-block-image size-large\"><img loading=\"lazy\" decoding=\"async\" width=\"828\" height=\"550\" data-id=\"711\" src=\"https:\/\/espacedespossibles.fr\/wp-content\/uploads\/2023\/04\/Image3.jpg\" alt=\"\" class=\"wp-image-711\" srcset=\"https:\/\/espacedespossibles.fr\/wp-content\/uploads\/2023\/04\/Image3.jpg 828w, https:\/\/espacedespossibles.fr\/wp-content\/uploads\/2023\/04\/Image3-300x199.jpg 300w, https:\/\/espacedespossibles.fr\/wp-content\/uploads\/2023\/04\/Image3-768x510.jpg 768w\" sizes=\"auto, (max-width: 828px) 100vw, 828px\" \/><\/figure>\n\n\n\n<figure class=\"wp-block-image size-large\"><img loading=\"lazy\" decoding=\"async\" width=\"1024\" height=\"764\" data-id=\"710\" src=\"https:\/\/espacedespossibles.fr\/wp-content\/uploads\/2023\/04\/Image2-1024x764.jpg\" alt=\"\" class=\"wp-image-710\" srcset=\"https:\/\/espacedespossibles.fr\/wp-content\/uploads\/2023\/04\/Image2-1024x764.jpg 1024w, https:\/\/espacedespossibles.fr\/wp-content\/uploads\/2023\/04\/Image2-300x224.jpg 300w, https:\/\/espacedespossibles.fr\/wp-content\/uploads\/2023\/04\/Image2-768x573.jpg 768w, https:\/\/espacedespossibles.fr\/wp-content\/uploads\/2023\/04\/Image2.jpg 1407w\" sizes=\"auto, (max-width: 1024px) 100vw, 1024px\" \/><\/figure>\n\n\n\n<figure class=\"wp-block-image size-large\"><img loading=\"lazy\" decoding=\"async\" width=\"1024\" height=\"771\" data-id=\"621\" src=\"https:\/\/espacedespossibles.fr\/wp-content\/uploads\/2022\/12\/Image14-1024x771.jpg\" alt=\"\" class=\"wp-image-621\" srcset=\"https:\/\/espacedespossibles.fr\/wp-content\/uploads\/2022\/12\/Image14-1024x771.jpg 1024w, https:\/\/espacedespossibles.fr\/wp-content\/uploads\/2022\/12\/Image14-300x226.jpg 300w, https:\/\/espacedespossibles.fr\/wp-content\/uploads\/2022\/12\/Image14-768x578.jpg 768w, https:\/\/espacedespossibles.fr\/wp-content\/uploads\/2022\/12\/Image14.jpg 1358w\" sizes=\"auto, (max-width: 1024px) 100vw, 1024px\" \/><\/figure>\n\n\n\n<figure class=\"wp-block-image size-large\"><img loading=\"lazy\" decoding=\"async\" width=\"1024\" height=\"588\" data-id=\"615\" src=\"https:\/\/espacedespossibles.fr\/wp-content\/uploads\/2022\/12\/Image8-1024x588.jpg\" alt=\"\" class=\"wp-image-615\" srcset=\"https:\/\/espacedespossibles.fr\/wp-content\/uploads\/2022\/12\/Image8-1024x588.jpg 1024w, https:\/\/espacedespossibles.fr\/wp-content\/uploads\/2022\/12\/Image8-300x172.jpg 300w, https:\/\/espacedespossibles.fr\/wp-content\/uploads\/2022\/12\/Image8-768x441.jpg 768w, https:\/\/espacedespossibles.fr\/wp-content\/uploads\/2022\/12\/Image8.jpg 1517w\" sizes=\"auto, (max-width: 1024px) 100vw, 1024px\" \/><\/figure>\n<\/figure>\n\n\n\n<p><\/p>\n\n\n\n<p class=\"has-text-align-center\">\u00ab\u00a0Merci Manushka pour cet accompagnement riche en contenus et en \u00e9prouv\u00e9s. Merci de nous permettre ces rencontres diverses et pleines de joie, dans l&rsquo;\u00e9change et le partage. J&rsquo;ai plus d&rsquo;espoir dans l&rsquo;avenir apr\u00e8s cette formation qui m&rsquo;a permit de concr\u00e9tiser mon projet futur.&nbsp;<br>Merci soeur de lumi\u00e8re, j&rsquo;ai appris \u00e0 remettre des couleurs dans ma vie.\u00a0\u00bb<br><em><strong>Anne-Marie&nbsp;<\/strong><\/em>&#8211; Infirmi\u00e8re<\/p>\n\n\n\n<div style=\"height:100px\" aria-hidden=\"true\" class=\"wp-block-spacer\"><\/div>\n","protected":false},"excerpt":{"rendered":"<p>\u00ab\u00a0Merci Manushka pour cet accompagnement riche en contenus et en \u00e9prouv\u00e9s. Merci de nous permettre ces rencontres diverses et pleines de joie, dans l&rsquo;\u00e9change et le partage. J&rsquo;ai plus d&rsquo;espoir&hellip;&nbsp;<a href=\"https:\/\/espacedespossibles.fr\/?page_id=477\" rel=\"bookmark\">Lire la suite &raquo;<span class=\"screen-reader-text\">Galerie<\/span><\/a><\/p>\n","protected":false},"author":1,"featured_media":0,"parent":0,"menu_order":0,"comment_status":"closed","ping_status":"closed","template":"","meta":{"om_disable_all_campaigns":false,"_eb_attr":"","_monsterinsights_skip_tracking":false,"_monsterinsights_sitenote_active":false,"_monsterinsights_sitenote_note":"","_monsterinsights_sitenote_category":0,"_uf_show_specific_survey":0,"_uf_disable_surveys":false,"neve_meta_sidebar":"","neve_meta_container":"","neve_meta_enable_content_width":"","neve_meta_content_width":0,"neve_meta_title_alignment":"","neve_meta_author_avatar":"","neve_post_elements_order":"","neve_meta_disable_header":"","neve_meta_disable_footer":"","neve_meta_disable_title":"","footnotes":""},"class_list":["post-477","page","type-page","status-publish","hentry"],"aioseo_notices":[],"jetpack_sharing_enabled":true,"_links":{"self":[{"href":"https:\/\/espacedespossibles.fr\/index.php?rest_route=\/wp\/v2\/pages\/477","targetHints":{"allow":["GET"]}}],"collection":[{"href":"https:\/\/espacedespossibles.fr\/index.php?rest_route=\/wp\/v2\/pages"}],"about":[{"href":"https:\/\/espacedespossibles.fr\/index.php?rest_route=\/wp\/v2\/types\/page"}],"author":[{"embeddable":true,"href":"https:\/\/espacedespossibles.fr\/index.php?rest_route=\/wp\/v2\/users\/1"}],"replies":[{"embeddable":true,"href":"https:\/\/espacedespossibles.fr\/index.php?rest_route=%2Fwp%2Fv2%2Fcomments&post=477"}],"version-history":[{"count":10,"href":"https:\/\/espacedespossibles.fr\/index.php?rest_route=\/wp\/v2\/pages\/477\/revisions"}],"predecessor-version":[{"id":1050,"href":"https:\/\/espacedespossibles.fr\/index.php?rest_route=\/wp\/v2\/pages\/477\/revisions\/1050"}],"wp:attachment":[{"href":"https:\/\/espacedespossibles.fr\/index.php?rest_route=%2Fwp%2Fv2%2Fmedia&parent=477"}],"curies":[{"name":"wp","href":"https:\/\/api.w.org\/{rel}","templated":true}]}}