{"id":5,"date":"2020-01-13T11:17:52","date_gmt":"2020-01-13T11:17:52","guid":{"rendered":"https:\/\/demosites.io\/web-agency-gb\/?page_id=5"},"modified":"2026-03-13T17:52:37","modified_gmt":"2026-03-13T17:52:37","slug":"15c42-web-agency-gb-home","status":"publish","type":"page","link":"https:\/\/espacedespossibles.fr\/","title":{"rendered":"Home"},"content":{"rendered":"\n<div class=\"wp-block-cover aligncenter is-light\" style=\"min-height:640px;aspect-ratio:unset;\"><img loading=\"lazy\" decoding=\"async\" width=\"1640\" height=\"924\" class=\"wp-block-cover__image-background wp-image-385\" alt=\"\" src=\"https:\/\/espacedespossibles.fr\/wp-content\/uploads\/2022\/09\/Sans-titre.png\" style=\"object-position:50% 64%\" data-object-fit=\"cover\" data-object-position=\"50% 64%\" srcset=\"https:\/\/espacedespossibles.fr\/wp-content\/uploads\/2022\/09\/Sans-titre.png 1640w, https:\/\/espacedespossibles.fr\/wp-content\/uploads\/2022\/09\/Sans-titre-300x169.png 300w, https:\/\/espacedespossibles.fr\/wp-content\/uploads\/2022\/09\/Sans-titre-1024x577.png 1024w, https:\/\/espacedespossibles.fr\/wp-content\/uploads\/2022\/09\/Sans-titre-768x433.png 768w, https:\/\/espacedespossibles.fr\/wp-content\/uploads\/2022\/09\/Sans-titre-1536x865.png 1536w\" sizes=\"auto, (max-width: 1640px) 100vw, 1640px\" \/><span aria-hidden=\"true\" class=\"wp-block-cover__background has-background-dim-0 has-background-dim\"><\/span><div class=\"wp-block-cover__inner-container is-layout-flow wp-block-cover-is-layout-flow\">\n<h1 class=\"wp-block-heading has-text-align-center has-text-color\" style=\"color:#121212\">Centre de formation professionnelle en magn\u00e9tisme et soins \u00e9nerg\u00e9tiques \u00e0 Marseille et Aubagne<\/h1>\n\n\n\n<p class=\"has-text-align-center has-text-color\" style=\"color:#121212;font-size:17px\">Sp\u00e9cialis\u00e9 dans le cursus praticien en soins \u00e9nerg\u00e9tiques et en massage bien-\u00eatre<\/p>\n\n\n\n<p class=\"has-text-align-center\"><strong>Ecole certifi\u00e9e Qualiopi pour les actions de formations<\/strong>                     <\/p>\n\n\n\n<p><\/p>\n\n\n\n<p><\/p>\n\n\n\n<div class=\"wp-block-buttons is-horizontal is-content-justification-center is-layout-flex wp-container-core-buttons-is-layout-499968f5 wp-block-buttons-is-layout-flex\">\n<div class=\"wp-block-button is-style-primary\"><a class=\"wp-block-button__link wp-element-button\" href=\"https:\/\/espacedespossibles.fr\/?page_id=71\">En Savoir Plus<\/a><\/div>\n\n\n\n<div class=\"wp-block-button is-style-secondary\"><a class=\"wp-block-button__link wp-element-button\" href=\"https:\/\/espacedespossibles.fr\/?page_id=75\">Nous Contacter<\/a><\/div>\n<\/div>\n<\/div><\/div>\n\n\n\n<div style=\"height:65px\" aria-hidden=\"true\" class=\"wp-block-spacer\"><\/div>\n\n\n\n<div style=\"height:0px\" aria-hidden=\"true\" class=\"wp-block-spacer\"><\/div>\n\n\n\n<div class=\"wp-block-columns is-layout-flex wp-container-core-columns-is-layout-9d6595d7 wp-block-columns-is-layout-flex\">\n<div class=\"wp-block-column is-layout-flow wp-block-column-is-layout-flow\"><div class=\"wp-block-image icon-style is-style-rounded\">\n<figure class=\"aligncenter size-large\"><img loading=\"lazy\" decoding=\"async\" width=\"72\" height=\"72\" src=\"https:\/\/espacedespossibles.fr\/wp-content\/uploads\/2020\/01\/neve-webdesign-GB-03.png\" alt=\"\" class=\"wp-image-20\" title=\"\"\/><\/figure>\n<\/div>\n\n\n<div style=\"height:20px\" aria-hidden=\"true\" class=\"wp-block-spacer\"><\/div>\n\n\n\n<h3 class=\"wp-block-heading has-text-align-center has-neve-text-color-color has-text-color\">Formateurs certifi\u00e9s<\/h3>\n\n\n\n<p class=\"has-text-align-center\">Nos formatrices et formateurs n&rsquo;enseignent que les massages qu&rsquo;elles maitrisent parfaitement et sont choisies pour leur professionnalisme, leurs qualit\u00e9s humaines et de c\u0153ur, leur sens de l&rsquo;\u00e9coute et leurs capacit\u00e9s de transmission.<\/p>\n<\/div>\n\n\n\n<div class=\"wp-block-column is-layout-flow wp-block-column-is-layout-flow\"><div class=\"wp-block-image icon-style is-style-rounded\">\n<figure class=\"aligncenter size-large is-resized\"><img loading=\"lazy\" decoding=\"async\" width=\"72\" height=\"72\" src=\"https:\/\/espacedespossibles.fr\/wp-content\/uploads\/2020\/01\/neve-webdesign-GB-04.png\" alt=\"\" class=\"wp-image-21\" style=\"width:72px;height:72px\"\/><\/figure>\n<\/div>\n\n\n<div style=\"height:20px\" aria-hidden=\"true\" class=\"wp-block-spacer\"><\/div>\n\n\n\n<h3 class=\"wp-block-heading has-text-align-center has-neve-text-color-color has-text-color\">Apprentissage en petits groupes<\/h3>\n\n\n\n<p class=\"has-text-align-center\">de 6 \u00e0 8 personnes maximum en cas de r\u00e9vision, afin de garantir une qualit\u00e9 de pr\u00e9sence et de suivi dans chacune de nos formations massages<\/p>\n<\/div>\n\n\n\n<div class=\"wp-block-column is-layout-flow wp-block-column-is-layout-flow\"><div class=\"wp-block-image icon-style is-style-rounded\">\n<figure class=\"aligncenter size-large\"><img loading=\"lazy\" decoding=\"async\" width=\"72\" height=\"72\" src=\"https:\/\/espacedespossibles.fr\/wp-content\/uploads\/2020\/01\/neve-webdesign-GB-01.png\" alt=\"\" class=\"wp-image-18\"\/><\/figure>\n<\/div>\n\n\n<div style=\"height:20px\" aria-hidden=\"true\" class=\"wp-block-spacer\"><\/div>\n\n\n\n<h3 class=\"wp-block-heading has-text-align-center has-neve-text-color-color has-text-color\">Accompagnement Post Formations<\/h3>\n\n\n\n<p class=\"has-text-align-center\">Les r\u00e9visions d&rsquo;une formation d\u00e9j\u00e0 effectu\u00e9 sont gratuites pendant 3 ans afin de permettre a nos stagiaires de continuer a d\u00e9velopper leurs comp\u00e9tences<\/p>\n<\/div>\n<\/div>\n\n\n\n<div class=\"wp-block-cover alignfull\" style=\"min-height:482px;aspect-ratio:unset;\"><span aria-hidden=\"true\" class=\"wp-block-cover__background has-nv-light-bg-background-color has-background-dim\"><\/span><div class=\"wp-block-cover__inner-container is-layout-flow wp-block-cover-is-layout-flow\">\n<div class=\"wp-block-group\"><div class=\"wp-block-group__inner-container is-layout-flow wp-block-group-is-layout-flow\">\n<div class=\"wp-block-columns are-vertically-aligned-center is-layout-flex wp-container-core-columns-is-layout-9d6595d7 wp-block-columns-is-layout-flex\">\n<div class=\"wp-block-column is-vertically-aligned-center is-layout-flow wp-block-column-is-layout-flow\" style=\"flex-basis:50%\">\n<figure class=\"wp-block-gallery has-nested-images columns-default is-cropped wp-block-gallery-2 is-layout-flex wp-block-gallery-is-layout-flex\">\n<figure class=\"wp-block-image size-large is-style-default\"><img loading=\"lazy\" decoding=\"async\" width=\"1024\" height=\"612\" data-id=\"826\" src=\"https:\/\/espacedespossibles.fr\/wp-content\/uploads\/2023\/04\/Sans-titre-1024x612.png\" alt=\"\" class=\"wp-image-826\" srcset=\"https:\/\/espacedespossibles.fr\/wp-content\/uploads\/2023\/04\/Sans-titre-1024x612.png 1024w, https:\/\/espacedespossibles.fr\/wp-content\/uploads\/2023\/04\/Sans-titre-300x179.png 300w, https:\/\/espacedespossibles.fr\/wp-content\/uploads\/2023\/04\/Sans-titre-768x459.png 768w, https:\/\/espacedespossibles.fr\/wp-content\/uploads\/2023\/04\/Sans-titre-1536x918.png 1536w, https:\/\/espacedespossibles.fr\/wp-content\/uploads\/2023\/04\/Sans-titre.png 1721w\" sizes=\"auto, (max-width: 1024px) 100vw, 1024px\" \/><figcaption class=\"wp-element-caption\">Massage Psycho-Energ\u00e9tique<\/figcaption><\/figure>\n<\/figure>\n<\/div>\n\n\n\n<div class=\"wp-block-column is-vertically-aligned-center is-layout-flow wp-block-column-is-layout-flow\" style=\"flex-basis:50%\">\n<h2 class=\"wp-block-heading has-text-align-center has-neve-text-color-color has-text-color\">Se former \u00e0 de nouvelles comp\u00e9tences dans les m\u00e9tiers du bien-\u00eatre<\/h2>\n\n\n\n<p class=\"has-text-align-center has-neve-text-color-color has-text-color\" style=\"font-size:17px\">Nos formations au sein de l&rsquo;espace des possibles permettent d&rsquo;acc\u00e9der aux m\u00e9tiers de masseur bien-\u00eatre et d&rsquo;\u00e9nerg\u00e9ticien vous offrant de nombreuses possibilit\u00e9s de carri\u00e8re et de lieux d&rsquo;exercice diff\u00e9rents.<\/p>\n<\/div>\n<\/div>\n<\/div><\/div>\n<\/div><\/div>\n\n\n\n<div style=\"height:25px\" aria-hidden=\"true\" class=\"wp-block-spacer\"><\/div>\n\n\n\n<div class=\"wp-block-cover alignfull\" style=\"min-height:479px;aspect-ratio:unset;\"><span aria-hidden=\"true\" class=\"wp-block-cover__background has-nv-site-bg-background-color has-background-dim-100 has-background-dim\"><\/span><div class=\"wp-block-cover__inner-container is-layout-flow wp-block-cover-is-layout-flow\">\n<div class=\"wp-block-group\"><div class=\"wp-block-group__inner-container is-layout-flow wp-block-group-is-layout-flow\">\n<div class=\"wp-block-columns are-vertically-aligned-center is-layout-flex wp-container-core-columns-is-layout-9d6595d7 wp-block-columns-is-layout-flex\">\n<div class=\"wp-block-column is-vertically-aligned-center is-layout-flow wp-block-column-is-layout-flow\" style=\"flex-basis:50%\">\n<h2 class=\"wp-block-heading has-text-align-center has-neve-text-color-color has-text-color\">Des lieux de formation calmes et ressour\u00e7ants<\/h2>\n\n\n\n<p><\/p>\n\n\n\n<p class=\"has-text-align-center has-neve-text-color-color has-text-color\" style=\"font-size:17px\">L&rsquo;\u00e9cole Espace des Possibles d\u00e9livre ses formations dans des locaux propices a l&rsquo;apprentissage. Vous pouvez nous retrouver sur Marseille ainsi que sur Aubagne. Une \u00e9cole a taille humaine ou la qualit\u00e9 du contact est privil\u00e9gi\u00e9.<\/p>\n\n\n\n<p><\/p>\n\n\n\n<div style=\"height:40px\" aria-hidden=\"true\" class=\"wp-block-spacer\"><\/div>\n<\/div>\n\n\n\n<div class=\"wp-block-column is-vertically-aligned-center is-layout-flow wp-block-column-is-layout-flow\" style=\"flex-basis:50%\">\n<figure class=\"wp-block-image size-large\"><img loading=\"lazy\" decoding=\"async\" width=\"1024\" height=\"685\" src=\"https:\/\/espacedespossibles.fr\/wp-content\/uploads\/2023\/08\/Test-Photo-exterieur-1024x685.png\" alt=\"\" class=\"wp-image-1033\" srcset=\"https:\/\/espacedespossibles.fr\/wp-content\/uploads\/2023\/08\/Test-Photo-exterieur-1024x685.png 1024w, https:\/\/espacedespossibles.fr\/wp-content\/uploads\/2023\/08\/Test-Photo-exterieur-300x201.png 300w, https:\/\/espacedespossibles.fr\/wp-content\/uploads\/2023\/08\/Test-Photo-exterieur-768x513.png 768w, https:\/\/espacedespossibles.fr\/wp-content\/uploads\/2023\/08\/Test-Photo-exterieur-1536x1027.png 1536w, https:\/\/espacedespossibles.fr\/wp-content\/uploads\/2023\/08\/Test-Photo-exterieur-2048x1369.png 2048w\" sizes=\"auto, (max-width: 1024px) 100vw, 1024px\" \/><\/figure>\n<\/div>\n<\/div>\n<\/div><\/div>\n<\/div><\/div>\n\n\n\n<div class=\"wp-block-cover alignfull\" style=\"min-height:524px;aspect-ratio:unset;\"><span aria-hidden=\"true\" class=\"wp-block-cover__background has-nv-light-bg-background-color has-background-dim\"><\/span><div class=\"wp-block-cover__inner-container is-layout-flow wp-block-cover-is-layout-flow\">\n<div class=\"wp-block-group\"><div class=\"wp-block-group__inner-container is-layout-flow wp-block-group-is-layout-flow\">\n<div class=\"wp-block-columns are-vertically-aligned-center is-layout-flex wp-container-core-columns-is-layout-9d6595d7 wp-block-columns-is-layout-flex\">\n<div class=\"wp-block-column is-vertically-aligned-center is-layout-flow wp-block-column-is-layout-flow\" style=\"flex-basis:50%\">\n<figure class=\"wp-block-image size-large\"><img loading=\"lazy\" decoding=\"async\" width=\"1024\" height=\"683\" src=\"https:\/\/espacedespossibles.fr\/wp-content\/uploads\/2023\/04\/DSC_0048-1-1024x683.jpg\" alt=\"\" class=\"wp-image-847\" srcset=\"https:\/\/espacedespossibles.fr\/wp-content\/uploads\/2023\/04\/DSC_0048-1-1024x683.jpg 1024w, https:\/\/espacedespossibles.fr\/wp-content\/uploads\/2023\/04\/DSC_0048-1-300x200.jpg 300w, https:\/\/espacedespossibles.fr\/wp-content\/uploads\/2023\/04\/DSC_0048-1-768x512.jpg 768w, https:\/\/espacedespossibles.fr\/wp-content\/uploads\/2023\/04\/DSC_0048-1-1536x1024.jpg 1536w, https:\/\/espacedespossibles.fr\/wp-content\/uploads\/2023\/04\/DSC_0048-1-2048x1365.jpg 2048w, https:\/\/espacedespossibles.fr\/wp-content\/uploads\/2023\/04\/DSC_0048-1-930x620.jpg 930w\" sizes=\"auto, (max-width: 1024px) 100vw, 1024px\" \/><\/figure>\n<\/div>\n\n\n\n<div class=\"wp-block-column is-vertically-aligned-center is-layout-flow wp-block-column-is-layout-flow\" style=\"flex-basis:50%\">\n<div style=\"height:40px\" aria-hidden=\"true\" class=\"wp-block-spacer\"><\/div>\n\n\n\n<h2 class=\"wp-block-heading has-text-align-center has-neve-text-color-color has-text-color\">Formations de qualit\u00e9 en petit groupe<\/h2>\n\n\n\n<p class=\"has-text-align-center has-neve-text-color-color has-text-color\" style=\"font-size:17px\">Votre formation \u00e0 l&rsquo;\u00e9cole <strong>Espace des Possibles Formations <\/strong>garantit un apprentissage de qualit\u00e9 et valide vos aptitudes \u00e0 pratiquer professionnellement le m\u00e9tier de Masseur ou d&rsquo;Energ\u00e9ticien<\/p>\n<\/div>\n<\/div>\n<\/div><\/div>\n\n\n\n<div style=\"height:9px\" aria-hidden=\"true\" class=\"wp-block-spacer\"><\/div>\n<\/div><\/div>\n\n\n\n<div style=\"height:71px\" aria-hidden=\"true\" class=\"wp-block-spacer\"><\/div>\n\n\n\n<div class=\"wp-block-cover alignfull\" style=\"min-height:278px;aspect-ratio:unset;\"><span aria-hidden=\"true\" class=\"wp-block-cover__background has-nv-site-bg-background-color has-background-dim-100 has-background-dim\"><\/span><div class=\"wp-block-cover__inner-container is-layout-flow wp-block-cover-is-layout-flow\">\n<div class=\"wp-block-columns is-layout-flex wp-container-core-columns-is-layout-9d6595d7 wp-block-columns-is-layout-flex\">\n<div class=\"wp-block-column ticss-4ce656f1 is-layout-flow wp-block-column-is-layout-flow\"><div class=\"wp-block-image is-style-rounded\">\n<figure class=\"aligncenter size-full is-resized\"><img loading=\"lazy\" decoding=\"async\" width=\"691\" height=\"769\" src=\"https:\/\/espacedespossibles.fr\/wp-content\/uploads\/2023\/04\/Test-Yvanna.png\" alt=\"\" class=\"wp-image-849\" style=\"width:150px;height:157px\" srcset=\"https:\/\/espacedespossibles.fr\/wp-content\/uploads\/2023\/04\/Test-Yvanna.png 691w, https:\/\/espacedespossibles.fr\/wp-content\/uploads\/2023\/04\/Test-Yvanna-270x300.png 270w\" sizes=\"auto, (max-width: 691px) 100vw, 691px\" \/><\/figure>\n<\/div>\n\n\n<p class=\"has-text-align-center has-neve-text-color-color has-text-color\">\u00ab\u00a0J&rsquo;ai fais la formation de Manushka, c&rsquo;\u00e9tait tr\u00e8s int\u00e9ressant j&rsquo;ai pu apprendre beaucoup aupr\u00e8s d&rsquo;elle, Merci beaucoup !\u00a0\u00bb<\/p>\n\n\n\n<p class=\"has-text-align-center has-neve-text-color-color has-text-color\">Yvanna<br>Professeure de Yoga<\/p>\n\n\n\n<div style=\"height:20px\" aria-hidden=\"true\" class=\"wp-block-spacer\"><\/div>\n<\/div>\n\n\n\n<div class=\"wp-block-column ticss-f6fc7494 is-layout-flow wp-block-column-is-layout-flow\"><div class=\"wp-block-image is-style-rounded\">\n<figure class=\"aligncenter size-full is-resized\"><img loading=\"lazy\" decoding=\"async\" width=\"593\" height=\"629\" src=\"https:\/\/espacedespossibles.fr\/wp-content\/uploads\/2023\/04\/Emilie-Avis.png\" alt=\"\" class=\"wp-image-851\" style=\"width:150px;height:160px\" srcset=\"https:\/\/espacedespossibles.fr\/wp-content\/uploads\/2023\/04\/Emilie-Avis.png 593w, https:\/\/espacedespossibles.fr\/wp-content\/uploads\/2023\/04\/Emilie-Avis-283x300.png 283w\" sizes=\"auto, (max-width: 593px) 100vw, 593px\" \/><\/figure>\n<\/div>\n\n\n<p class=\"has-text-align-center has-neve-text-color-color has-text-color\">\u00ab\u00a0J&rsquo;ai eu la chance de suivre la formation en soins \u00e9nerg\u00e9tiques de l&rsquo;\u00e9cole qui a \u00e9t\u00e9 tr\u00e8s r\u00e9v\u00e9latrice et d&rsquo;une tr\u00e8s grande aide pour moi.\u00a0\u00bb<\/p>\n\n\n\n<p class=\"has-text-align-center has-neve-text-color-color has-text-color\">Emilie<br>Infirmi\u00e8re<\/p>\n\n\n\n<div style=\"height:20px\" aria-hidden=\"true\" class=\"wp-block-spacer\"><\/div>\n<\/div>\n\n\n\n<div class=\"wp-block-column ticss-a5b4df29 is-layout-flow wp-block-column-is-layout-flow\"><div class=\"wp-block-image is-style-rounded\">\n<figure class=\"aligncenter size-full is-resized\"><img loading=\"lazy\" decoding=\"async\" width=\"282\" height=\"298\" src=\"https:\/\/espacedespossibles.fr\/wp-content\/uploads\/2023\/04\/Sans-2.png\" alt=\"\" class=\"wp-image-906\" style=\"width:150px;height:150px\"\/><\/figure>\n<\/div>\n\n\n<p class=\"has-text-align-center has-neve-text-color-color has-text-color\">\u00ab\u00a0Je ne savais pas exactement ou je mettais les pieds, mais d\u00e8s le d\u00e9but, les formatrices ont \u00e9t\u00e9 tr\u00e8s pr\u00e9sentes et m&rsquo;ont accompagn\u00e9 dans mon cursus.\u00a0\u00bb<\/p>\n\n\n\n<p class=\"has-text-align-center has-neve-text-color-color has-text-color\">Alexis<br>Responsable RH<\/p>\n\n\n\n<div style=\"height:20px\" aria-hidden=\"true\" class=\"wp-block-spacer\"><\/div>\n<\/div>\n<\/div>\n<\/div><\/div>\n\n\n\n<div class=\"wp-block-cover alignfull\" style=\"min-height:221px;aspect-ratio:unset;\"><span aria-hidden=\"true\" class=\"wp-block-cover__background has-nv-light-bg-background-color has-background-dim\"><\/span><div class=\"wp-block-cover__inner-container is-layout-flow wp-block-cover-is-layout-flow\">\n<h2 class=\"wp-block-heading has-text-align-center has-nv-dark-bg-color has-text-color\">Des Questions ?<\/h2>\n\n\n\n<p class=\"has-text-align-center has-nv-dark-bg-color has-text-color\">N&rsquo;h\u00e9sitez pas a nous contacter, nous r\u00e9pondrons au plus vite a vos questions.<\/p>\n\n\n\n<div class=\"wp-block-buttons is-horizontal is-content-justification-center is-layout-flex wp-container-core-buttons-is-layout-499968f5 wp-block-buttons-is-layout-flex\">\n<div class=\"wp-block-button is-style-primary\"><a class=\"wp-block-button__link wp-element-button\" href=\"https:\/\/espacedespossibles.fr\/?page_id=75\">Nous Contacter<\/a><\/div>\n<\/div>\n<\/div><\/div>\n","protected":false},"excerpt":{"rendered":"<p>Formateurs certifi\u00e9s Nos formatrices et formateurs n&rsquo;enseignent que les massages qu&rsquo;elles maitrisent parfaitement et sont choisies pour leur professionnalisme, leurs qualit\u00e9s humaines et de c\u0153ur, leur sens de l&rsquo;\u00e9coute et&hellip;&nbsp;<a href=\"https:\/\/espacedespossibles.fr\/\" rel=\"bookmark\">Lire la suite &raquo;<span class=\"screen-reader-text\">Home<\/span><\/a><\/p>\n","protected":false},"author":1,"featured_media":369,"parent":0,"menu_order":0,"comment_status":"closed","ping_status":"closed","template":"","meta":{"om_disable_all_campaigns":false,"_eb_attr":"","_monsterinsights_skip_tracking":false,"_monsterinsights_sitenote_active":false,"_monsterinsights_sitenote_note":"","_monsterinsights_sitenote_category":0,"_uf_show_specific_survey":0,"_uf_disable_surveys":false,"neve_meta_sidebar":"default","neve_meta_container":"default","neve_meta_enable_content_width":"on","neve_meta_content_width":100,"neve_meta_title_alignment":"","neve_meta_author_avatar":"","neve_post_elements_order":"","neve_meta_disable_header":"","neve_meta_disable_footer":"","neve_meta_disable_title":"on","footnotes":""},"class_list":["post-5","page","type-page","status-publish","has-post-thumbnail","hentry"],"aioseo_notices":[],"jetpack_sharing_enabled":true,"_links":{"self":[{"href":"https:\/\/espacedespossibles.fr\/index.php?rest_route=\/wp\/v2\/pages\/5","targetHints":{"allow":["GET"]}}],"collection":[{"href":"https:\/\/espacedespossibles.fr\/index.php?rest_route=\/wp\/v2\/pages"}],"about":[{"href":"https:\/\/espacedespossibles.fr\/index.php?rest_route=\/wp\/v2\/types\/page"}],"author":[{"embeddable":true,"href":"https:\/\/espacedespossibles.fr\/index.php?rest_route=\/wp\/v2\/users\/1"}],"replies":[{"embeddable":true,"href":"https:\/\/espacedespossibles.fr\/index.php?rest_route=%2Fwp%2Fv2%2Fcomments&post=5"}],"version-history":[{"count":64,"href":"https:\/\/espacedespossibles.fr\/index.php?rest_route=\/wp\/v2\/pages\/5\/revisions"}],"predecessor-version":[{"id":2297,"href":"https:\/\/espacedespossibles.fr\/index.php?rest_route=\/wp\/v2\/pages\/5\/revisions\/2297"}],"wp:featuredmedia":[{"embeddable":true,"href":"https:\/\/espacedespossibles.fr\/index.php?rest_route=\/wp\/v2\/media\/369"}],"wp:attachment":[{"href":"https:\/\/espacedespossibles.fr\/index.php?rest_route=%2Fwp%2Fv2%2Fmedia&parent=5"}],"curies":[{"name":"wp","href":"https:\/\/api.w.org\/{rel}","templated":true}]}}