{"id":660,"date":"2023-04-11T14:24:36","date_gmt":"2023-04-11T14:24:36","guid":{"rendered":"https:\/\/espacesdespossibles.live-website.com\/?page_id=660"},"modified":"2026-03-06T13:39:46","modified_gmt":"2026-03-06T13:39:46","slug":"massage-californien-3-2","status":"publish","type":"page","link":"https:\/\/espacedespossibles.fr\/?page_id=660","title":{"rendered":"Praticien en soins \u00e9nerg\u00e9tiques"},"content":{"rendered":"\n<figure class=\"wp-block-table is-style-stripes has-medium-font-size\"><table><tbody><tr><td>\u263c 18 Jours<\/td><td>\u058e 126 Heures<\/td><td>\u2642\u2640 Tout Public<\/td><td>\u06de Rythme Personnalisable <\/td><td>\u20ac 810 \/ Module 2430 \u20ac les 18 jrs<\/td><\/tr><\/tbody><\/table><\/figure>\n\n\n\n<h2 class=\"wp-block-heading has-text-align-center\" id=\"wt-container-instance-13848784\">Devenez praticien en soins \u00e9nerg\u00e9tiques et d\u00e9veloppez vos dons de magn\u00e9tiseur<\/h2>\n\n\n\n<h5 class=\"wp-block-heading has-text-align-center has-nv-light-bg-background-color has-background has-medium-font-size\">Objectifs de la formation<\/h5>\n\n\n\n<p class=\"has-text-align-center\">Cette formation s\u2019inscrit dans&nbsp;<strong>une vision globale de l\u2019\u00eatre humain.<\/strong>&nbsp;Elle a pour objectif de&nbsp;<strong>d\u00e9velopper ses perceptions extrasensorielles, d&rsquo;apprendre \u00e0 \u00e9tablir un bilan \u00e9nerg\u00e9tique, d&rsquo;acqu\u00e9rir ou d\u00e9velopper ses comp\u00e9tences en magn\u00e9tisme et soins \u00e9nerg\u00e9tiques, d&rsquo;accompagner les personnes dans<\/strong>&nbsp;le r\u00e9tablissement de la libre circulation \u00e9nerg\u00e9tique, de&nbsp;<strong>stimuler l\u2019\u00e9mergence du potentiel cr\u00e9ateur de l\u2019\u00eatre<\/strong>&nbsp;\u00e0 travers l\u2019exp\u00e9rimentation vivante des \u00e9l\u00e9ments de la formation propos\u00e9s.<\/p>\n\n\n\n<h2 class=\"wp-block-heading has-text-align-center has-nv-light-bg-background-color has-background has-medium-font-size\">Comp\u00e9tences Vis\u00e9es<\/h2>\n\n\n\n<p class=\"has-text-align-center\">\u2022 \u00catre capable d&rsquo;effectuer un bilan \u00e9nerg\u00e9tique complet du client\u200b\u200b\u200b\u200b\u200b\u200b<\/p>\n\n\n\n<p class=\"has-text-align-center\">\u2022&nbsp;\u00catre capable de donner un soin \u00e9nerg\u00e9tique complet pour une s\u00e9ance d&rsquo;une heure avec prise en charge du client.<\/p>\n\n\n\n<h2 class=\"wp-block-heading has-text-align-center has-nv-light-bg-background-color has-background has-medium-font-size\">M\u00e9thode p\u00e9dagogique utilis\u00e9e<\/h2>\n\n\n\n<div class=\"wp-block-media-text alignwide is-stacked-on-mobile\"><figure class=\"wp-block-media-text__media\"><img loading=\"lazy\" decoding=\"async\" width=\"1024\" height=\"683\" src=\"https:\/\/espacedespossibles.fr\/wp-content\/uploads\/2022\/09\/wellness-285587_1920-1024x683.jpg\" alt=\"\" class=\"wp-image-368 size-full\" srcset=\"https:\/\/espacedespossibles.fr\/wp-content\/uploads\/2022\/09\/wellness-285587_1920-1024x683.jpg 1024w, https:\/\/espacedespossibles.fr\/wp-content\/uploads\/2022\/09\/wellness-285587_1920-300x200.jpg 300w, https:\/\/espacedespossibles.fr\/wp-content\/uploads\/2022\/09\/wellness-285587_1920-768x512.jpg 768w, https:\/\/espacedespossibles.fr\/wp-content\/uploads\/2022\/09\/wellness-285587_1920-1536x1024.jpg 1536w, https:\/\/espacedespossibles.fr\/wp-content\/uploads\/2022\/09\/wellness-285587_1920-930x620.jpg 930w, https:\/\/espacedespossibles.fr\/wp-content\/uploads\/2022\/09\/wellness-285587_1920.jpg 1920w\" sizes=\"auto, (max-width: 1024px) 100vw, 1024px\" \/><\/figure><div class=\"wp-block-media-text__content\">\n<div class=\"wp-block-group is-vertical is-layout-flex wp-container-core-group-is-layout-8cf370e7 wp-block-group-is-layout-flex\">\n<p><strong>Explication<\/strong> de chaque technique&nbsp;par la formatrice<\/p>\n\n\n\n<p><strong>Pratique<\/strong> de chaque man\u0153uvre par le participant, pratique en bin\u00f4me<\/p>\n\n\n\n<p><strong>Correction<\/strong> individualis\u00e9e<\/p>\n\n\n\n<p><strong>Support p\u00e9dagogique<\/strong>&nbsp;: support de formation d\u00e9taill\u00e9<\/p>\n\n\n\n<p><strong>Mat\u00e9riel p\u00e9dagogique mis \u00e0 disposition<\/strong>&nbsp;: table de massage, accessoires utilis\u00e9s pendant la formation, documentation.<\/p>\n<\/div>\n<\/div><\/div>\n\n\n\n<div style=\"height:20px\" aria-hidden=\"true\" class=\"wp-block-spacer\"><\/div>\n\n\n\n<h2 class=\"wp-block-heading has-text-align-center has-nv-light-bg-background-color has-background has-medium-font-size\">Public Concern\u00e9<\/h2>\n\n\n\n<p class=\"has-text-align-center\">Tout public concern\u00e9, notamment les professionnels du bien-\u00eatre, de l&rsquo;accompagnement \u00e0 la personne : Sophrologues, hypnoth\u00e9rapeutes, psychopraticien, coachs&nbsp;de la sant\u00e9, magn\u00e9tiseurs, th\u00e9rapeute, professionnels du massage et de l\u2019esth\u00e9tique.<\/p>\n\n\n\n<h2 class=\"wp-block-heading has-text-align-center has-nv-light-bg-background-color has-background has-medium-font-size\">Objectifs p\u00e9dagogiques<\/h2>\n\n\n\n<div class=\"wp-block-media-text alignwide is-stacked-on-mobile is-vertically-aligned-center\" style=\"grid-template-columns:40% auto\"><figure class=\"wp-block-media-text__media\"><img loading=\"lazy\" decoding=\"async\" width=\"1024\" height=\"683\" src=\"https:\/\/espacedespossibles.fr\/wp-content\/uploads\/2022\/09\/wellness-285587_1920-1024x683.jpg\" alt=\"\" class=\"wp-image-368 size-full\" srcset=\"https:\/\/espacedespossibles.fr\/wp-content\/uploads\/2022\/09\/wellness-285587_1920-1024x683.jpg 1024w, https:\/\/espacedespossibles.fr\/wp-content\/uploads\/2022\/09\/wellness-285587_1920-300x200.jpg 300w, https:\/\/espacedespossibles.fr\/wp-content\/uploads\/2022\/09\/wellness-285587_1920-768x512.jpg 768w, https:\/\/espacedespossibles.fr\/wp-content\/uploads\/2022\/09\/wellness-285587_1920-1536x1024.jpg 1536w, https:\/\/espacedespossibles.fr\/wp-content\/uploads\/2022\/09\/wellness-285587_1920-930x620.jpg 930w, https:\/\/espacedespossibles.fr\/wp-content\/uploads\/2022\/09\/wellness-285587_1920.jpg 1920w\" sizes=\"auto, (max-width: 1024px) 100vw, 1024px\" \/><\/figure><div class=\"wp-block-media-text__content\">\n<p class=\"has-text-align-left\">&#8211; Techniques compl\u00e8tes de Soins \u00c9nerg\u00e9tiques<br>&#8211; Technologies quantiques<br>&#8211; Les passes en magn\u00e9tisme<br>&#8211; Techniques de soins sur les m\u00e9moires karmiques et transg\u00e9n\u00e9rationnelles<br>&#8211; Technique de r\u00e9gression dans les vies ant\u00e9rieures.<br>&#8211; Sentir rep\u00e9rer, mesurer les chakras, les corps \u00e9nerg\u00e9tiques et conna\u00eetre leurs fonctions.<\/p>\n<\/div><\/div>\n\n\n\n<div class=\"wp-block-media-text alignwide has-media-on-the-right is-stacked-on-mobile\" style=\"grid-template-columns:auto 40%\"><div class=\"wp-block-media-text__content\">\n<p>&#8211; Apprendre \u00e0 voir l\u2019aura<br>&#8211; Les alli\u00e9s de Lumi\u00e8re&nbsp;: rencontre avec son guide, se relier aux \u00e9gr\u00e9gores, aux arch\u00e9types, aux anges.<br>&#8211; Les transferts \u00e9nerg\u00e9tiques, la protection, le d\u00e9roulement d\u2019une s\u00e9ance, accompagnement d\u2019un processus \u00e9motionnel<br>&#8211; Activation de l\u2019intention, les lois cosmiques : la loi d&rsquo;attraction<br>&#8211; Activation de l\u2019\u00e9nergie par le souffle, le son, les pratiques corporelles&nbsp;<br>&#8211; Exploration des \u00e9tats modifi\u00e9s de conscience.<\/p>\n<\/div><figure class=\"wp-block-media-text__media\"><img loading=\"lazy\" decoding=\"async\" width=\"1024\" height=\"683\" src=\"https:\/\/espacedespossibles.fr\/wp-content\/uploads\/2022\/09\/wellness-285588_1920-1024x683.jpg\" alt=\"\" class=\"wp-image-369 size-full\" srcset=\"https:\/\/espacedespossibles.fr\/wp-content\/uploads\/2022\/09\/wellness-285588_1920-1024x683.jpg 1024w, https:\/\/espacedespossibles.fr\/wp-content\/uploads\/2022\/09\/wellness-285588_1920-300x200.jpg 300w, https:\/\/espacedespossibles.fr\/wp-content\/uploads\/2022\/09\/wellness-285588_1920-768x512.jpg 768w, https:\/\/espacedespossibles.fr\/wp-content\/uploads\/2022\/09\/wellness-285588_1920-1536x1024.jpg 1536w, https:\/\/espacedespossibles.fr\/wp-content\/uploads\/2022\/09\/wellness-285588_1920-930x620.jpg 930w, https:\/\/espacedespossibles.fr\/wp-content\/uploads\/2022\/09\/wellness-285588_1920.jpg 1920w\" sizes=\"auto, (max-width: 1024px) 100vw, 1024px\" \/><\/figure><\/div>\n\n\n\n<div class=\"wp-block-media-text alignwide is-stacked-on-mobile\" style=\"grid-template-columns:40% auto\"><figure class=\"wp-block-media-text__media\"><img loading=\"lazy\" decoding=\"async\" width=\"1024\" height=\"683\" src=\"https:\/\/espacedespossibles.fr\/wp-content\/uploads\/2022\/09\/massage-1929064_1920-1024x683.jpg\" alt=\"\" class=\"wp-image-362 size-full\" srcset=\"https:\/\/espacedespossibles.fr\/wp-content\/uploads\/2022\/09\/massage-1929064_1920-1024x683.jpg 1024w, https:\/\/espacedespossibles.fr\/wp-content\/uploads\/2022\/09\/massage-1929064_1920-300x200.jpg 300w, https:\/\/espacedespossibles.fr\/wp-content\/uploads\/2022\/09\/massage-1929064_1920-768x512.jpg 768w, https:\/\/espacedespossibles.fr\/wp-content\/uploads\/2022\/09\/massage-1929064_1920-1536x1024.jpg 1536w, https:\/\/espacedespossibles.fr\/wp-content\/uploads\/2022\/09\/massage-1929064_1920-930x620.jpg 930w, https:\/\/espacedespossibles.fr\/wp-content\/uploads\/2022\/09\/massage-1929064_1920.jpg 1920w\" sizes=\"auto, (max-width: 1024px) 100vw, 1024px\" \/><\/figure><div class=\"wp-block-media-text__content\">\n<p>&#8211; Exploration du pouvoir des sons et des couleurs.<br>&#8211; Exercices d\u2019ancrage et de l\u00e2cher-prise.<br>&#8211; D\u00e9velopper la qualit\u00e9 d\u2019\u00e9coute et de pr\u00e9sence<br>&#8211; \u00c9tude des structures caract\u00e9rielles de la personnalit\u00e9 en Bio\u00e9nergie. Apprendre \u00e0 reconnaitre sa structure<br>&#8211; \u00c9tude du m\u00e9canisme des croyances<br>&#8211; Apprendre \u00e0 reconna\u00eetre ses comp\u00e9tences, \u00e0 trouver sa mission de vie <\/p>\n<\/div><\/div>\n\n\n\n<div style=\"height:20px\" aria-hidden=\"true\" class=\"wp-block-spacer\"><\/div>\n\n\n\n<h2 class=\"wp-block-heading has-text-align-center has-nv-light-bg-background-color has-background has-medium-font-size\">Cursus 2026<\/h2>\n\n\n\n<p class=\"has-text-align-center\">Niveau 1 : Du 7 au 12 Avril 2026<\/p>\n\n\n\n<p class=\"has-text-align-center\">Niveau 2 : Du 17 au 22 Mars 2026 ou du 24 au 27 Mai 2026<\/p>\n\n\n\n<p class=\"has-text-align-center\">Niveau 3 : Du 25 au 30 Avril 2026 ou du 9 au 14 Juillet 2026<\/p>\n\n\n\n<h2 class=\"wp-block-heading has-text-align-center has-nv-light-bg-background-color has-background has-medium-font-size\">Tarifs<\/h2>\n\n\n\n<p class=\"has-text-align-center\">810\u20ac pour 1 module<\/p>\n\n\n\n<p class=\"has-text-align-center\">2430\u20ac pour la formation compl\u00e8te des 3 modules<\/p>\n\n\n\n<h2 class=\"wp-block-heading has-text-align-center has-nv-light-bg-background-color has-background has-medium-font-size\">Infos Pratiques<\/h2>\n\n\n\n<p class=\"has-text-align-center\"><strong>Mat\u00e9riel \u00e0 pr\u00e9voir<\/strong>&nbsp;: Un grand drap de bain ou par\u00e9o ou douta pour la table de soin.<\/p>\n\n\n\n<p class=\"has-text-align-center\">&nbsp;<strong>Pr\u00e9voir<\/strong> une paire de chaussure\/chausson destin\u00e9 \u00e0 l\u2019int\u00e9rieur.<\/p>\n\n\n\n<p class=\"has-text-align-center\"><strong>Tenue&nbsp;:<\/strong>&nbsp; tenue confortable pour pratiquer.&nbsp;<\/p>\n\n\n\n<p class=\"has-text-align-center\">Pour plus d&rsquo;informations, veuillez consulter notre page : <a href=\"https:\/\/espacedespossibles.fr\/?page_id=958\" title=\"Informations pratiques\">Informations pratiques<\/a><\/p>\n\n\n\n<p class=\"has-text-align-center\">Les repas peuvent \u00eatre pris sur place avec ce que chacun am\u00e8ne<\/p>\n\n\n\n<div class=\"wp-block-buttons is-content-justification-center is-layout-flex wp-container-core-buttons-is-layout-16018d1d wp-block-buttons-is-layout-flex\">\n<div class=\"wp-block-button has-custom-width wp-block-button__width-25 is-style-primary\"><a class=\"wp-block-button__link wp-element-button\" href=\"https:\/\/espacedespossibles.fr\/?page_id=75\">Inscription<\/a><\/div>\n<\/div>\n\n\n\n<p><\/p>\n","protected":false},"excerpt":{"rendered":"<p>\u263c 18 Jours \u058e 126 Heures \u2642\u2640 Tout Public \u06de Rythme Personnalisable \u20ac 810 \/ Module 2430 \u20ac les 18 jrs Devenez praticien en soins \u00e9nerg\u00e9tiques et d\u00e9veloppez vos dons&hellip;&nbsp;<a href=\"https:\/\/espacedespossibles.fr\/?page_id=660\" rel=\"bookmark\">Lire la suite &raquo;<span class=\"screen-reader-text\">Praticien en soins \u00e9nerg\u00e9tiques<\/span><\/a><\/p>\n","protected":false},"author":1,"featured_media":0,"parent":0,"menu_order":0,"comment_status":"closed","ping_status":"closed","template":"","meta":{"om_disable_all_campaigns":false,"_eb_attr":"","_monsterinsights_skip_tracking":false,"_monsterinsights_sitenote_active":false,"_monsterinsights_sitenote_note":"","_monsterinsights_sitenote_category":0,"_uf_show_specific_survey":0,"_uf_disable_surveys":false,"neve_meta_sidebar":"","neve_meta_container":"","neve_meta_enable_content_width":"","neve_meta_content_width":0,"neve_meta_title_alignment":"","neve_meta_author_avatar":"","neve_post_elements_order":"","neve_meta_disable_header":"","neve_meta_disable_footer":"","neve_meta_disable_title":"","footnotes":""},"class_list":["post-660","page","type-page","status-publish","hentry"],"aioseo_notices":[],"jetpack_sharing_enabled":true,"_links":{"self":[{"href":"https:\/\/espacedespossibles.fr\/index.php?rest_route=\/wp\/v2\/pages\/660","targetHints":{"allow":["GET"]}}],"collection":[{"href":"https:\/\/espacedespossibles.fr\/index.php?rest_route=\/wp\/v2\/pages"}],"about":[{"href":"https:\/\/espacedespossibles.fr\/index.php?rest_route=\/wp\/v2\/types\/page"}],"author":[{"embeddable":true,"href":"https:\/\/espacedespossibles.fr\/index.php?rest_route=\/wp\/v2\/users\/1"}],"replies":[{"embeddable":true,"href":"https:\/\/espacedespossibles.fr\/index.php?rest_route=%2Fwp%2Fv2%2Fcomments&post=660"}],"version-history":[{"count":28,"href":"https:\/\/espacedespossibles.fr\/index.php?rest_route=\/wp\/v2\/pages\/660\/revisions"}],"predecessor-version":[{"id":2283,"href":"https:\/\/espacedespossibles.fr\/index.php?rest_route=\/wp\/v2\/pages\/660\/revisions\/2283"}],"wp:attachment":[{"href":"https:\/\/espacedespossibles.fr\/index.php?rest_route=%2Fwp%2Fv2%2Fmedia&parent=660"}],"curies":[{"name":"wp","href":"https:\/\/api.w.org\/{rel}","templated":true}]}}