{"id":680,"date":"2023-04-14T09:16:51","date_gmt":"2023-04-14T09:16:51","guid":{"rendered":"https:\/\/espacesdespossibles.live-website.com\/?page_id=680"},"modified":"2023-08-30T10:43:44","modified_gmt":"2023-08-30T10:43:44","slug":"massage-californien-3-2-2","status":"publish","type":"page","link":"https:\/\/espacedespossibles.fr\/?page_id=680","title":{"rendered":"Praticien en massage et bien-\u00eatre"},"content":{"rendered":"\n<figure class=\"wp-block-table is-style-stripes\"><table><tbody><tr><td>\u263c 18 Jours<\/td><td>\u058e 126 Heures<\/td><td>\u2642\u2640 Tout Public<\/td><td>\u06de Rythme Personnalisable <\/td><td>\u20ac Financement Adapt\u00e9<\/td><\/tr><\/tbody><\/table><\/figure>\n\n\n\n<h2 class=\"wp-block-heading has-text-align-center\" id=\"wt-container-instance-13848784\"><strong>Devenez masseur bien-\u00eatre professionnel certifi\u00e9 \u00e0 l\u2019\u00e9cole Espace des possibles formations<\/strong><\/h2>\n\n\n\n<h2 class=\"wp-block-heading has-text-align-center has-nv-light-bg-background-color has-background\">Objectifs de la formation<\/h2>\n\n\n\n<p class=\"has-text-align-center\">Ouverte \u00e0 tous, la formation professionnelle certifi\u00e9e en Massage Bien-Etre a pour objectif &nbsp;l&rsquo;acquisition des comp\u00e9tences du m\u00e9tier de praticien en massage bien-\u00eatre. Elle int\u00e8gre les techniques des massages traditionnels, psychocorporel, ainsi que les techniques plus r\u00e9centes.<\/p>\n\n\n\n<p class=\"has-text-align-center\">Le programme comprend au minimum 200 heures de formation r\u00e9parties&nbsp;en modules, compl\u00e9t\u00e9es&nbsp;par 120 heures de pratique personnelle.<\/p>\n\n\n\n<p class=\"has-text-align-center\">Le choix des modules est \u00e0 la carte et au rythme de chacun permettant d\u2019\u00eatre au plus proche des demandes de nos stagiaires.<\/p>\n\n\n\n<p class=\"has-text-align-center\">L\u2019acquisition du savoir faire et le savoir \u00eatre du m\u00e9tier est au c\u0153ur de l\u2019enseignement de l\u2019\u00e9cole. Nous faisons de l\u2019\u00e9coute, du respect et du&nbsp;d\u00e9veloppement du potentiel cr\u00e9atif de chacun une priorit\u00e9.<\/p>\n\n\n\n<h2 class=\"wp-block-heading has-text-align-center has-nv-light-bg-background-color has-background\">Comp\u00e9tences Vis\u00e9es<\/h2>\n\n\n\n<ul class=\"wp-block-list\">\n<li>La pratique et l\u2019exp\u00e9rimentation en bin\u00f4me du massage enseign\u00e9<\/li>\n\n\n\n<li>La qualit\u00e9 du toucher, de l\u2019\u00e9coute et la pr\u00e9sence<\/li>\n\n\n\n<li>L\u2019acquisition de la posture juste et de la respiration adapt\u00e9e en lien avec les gestes et la personne mass\u00e9e<\/li>\n\n\n\n<li>La relation client\u00e8le et sa gestion<\/li>\n\n\n\n<li>L\u2019acquisition des fondamentaux de l\u2019anatomie adapt\u00e9e au massage<\/li>\n\n\n\n<li>L\u2019accompagnement du projet professionnel,<\/li>\n\n\n\n<li>Le cadre professionnel et la structure juridique<\/li>\n\n\n\n<li>L\u2019\u00e9thique de la profession, l&rsquo;hygi\u00e8ne et la supervision.<\/li>\n\n\n\n<li>La p\u00e9dagogie est centr\u00e9e sur l\u2019\u00e9coute, un apprentissage progressif facilitant l\u2019assimilation des \u00e9l\u00e9ments enseign\u00e9s<\/li>\n\n\n\n<li>L\u2019enseignement offre les connaissances pour int\u00e9grer le toucher juste et \u00e0 la souplesse et la cr\u00e9ativit\u00e9 permettant \u00e0 chacun de trouver son style<\/li>\n\n\n\n<li>L\u2019entr\u00e9e en formation est possible tout au long de l\u2019ann\u00e9e<\/li>\n\n\n\n<li>Il est possible de venir r\u00e9viser gratuitement une formation pendant 3 ans (m\u00eame dur\u00e9e, en fonction des places disponibles)<\/li>\n<\/ul>\n\n\n\n<h2 class=\"wp-block-heading has-text-align-center has-nv-light-bg-background-color has-background\">Modules<\/h2>\n\n\n\n<h2 class=\"wp-block-heading has-text-align-center\">Massage du Monde<\/h2>\n\n\n\n<div class=\"wp-block-media-text is-stacked-on-mobile\" style=\"grid-template-columns:40% auto\"><figure class=\"wp-block-media-text__media\"><img loading=\"lazy\" decoding=\"async\" width=\"1024\" height=\"683\" src=\"https:\/\/espacedespossibles.fr\/wp-content\/uploads\/2022\/09\/wellness-285587_1920-1024x683.jpg\" alt=\"\" class=\"wp-image-368 size-full\" srcset=\"https:\/\/espacedespossibles.fr\/wp-content\/uploads\/2022\/09\/wellness-285587_1920-1024x683.jpg 1024w, https:\/\/espacedespossibles.fr\/wp-content\/uploads\/2022\/09\/wellness-285587_1920-300x200.jpg 300w, https:\/\/espacedespossibles.fr\/wp-content\/uploads\/2022\/09\/wellness-285587_1920-768x512.jpg 768w, https:\/\/espacedespossibles.fr\/wp-content\/uploads\/2022\/09\/wellness-285587_1920-1536x1024.jpg 1536w, https:\/\/espacedespossibles.fr\/wp-content\/uploads\/2022\/09\/wellness-285587_1920-930x620.jpg 930w, https:\/\/espacedespossibles.fr\/wp-content\/uploads\/2022\/09\/wellness-285587_1920.jpg 1920w\" sizes=\"auto, (max-width: 1024px) 100vw, 1024px\" \/><\/figure><div class=\"wp-block-media-text__content\">\n<p>&#8211; Shiro et Sarasvati abhyanga 3&nbsp;jours&nbsp; (cr\u00e2ne, visage, nuque, \u00e9paules, ventre) (21 heures)&nbsp; &nbsp; &nbsp; &nbsp; &nbsp; &nbsp; &nbsp; &nbsp; <br>&#8211; R\u00e9flexologie plantaire chinoise 6 jours (42 heures)<br>&#8211; Massage Kobido 3 jours&nbsp;(21 heures)&nbsp; <br>&#8211; Massage Balinais 3 jours&nbsp; (21 heures)&nbsp;<br>&#8211; Massage Lomilomi Hawa\u00efen 5&nbsp;jours (35 heures)&nbsp; &nbsp;<br>&#8211; Massage su\u00e9dois 3&nbsp;jours (21 heures)&nbsp; &nbsp;<br>&#8211; Massage Chi nei sang (massage chinois du ventre) 7 jours (49 heures)<br>&#8211; Massage Tha\u00eflandais au sol 6 jours (42 heures)<br>&#8211; Massage tha\u00eflandais \u00e0 l&rsquo;huile 4 jours&nbsp; (28 heures)&nbsp;<br>-Massage tib\u00e9tain&nbsp;sonore et vibratoire aux bols chantants&nbsp;2 jours (14 heures)&nbsp; &nbsp; &nbsp;<\/p>\n<\/div><\/div>\n\n\n\n<hr class=\"wp-block-separator has-alpha-channel-opacity\"\/>\n\n\n\n<h2 class=\"wp-block-heading has-text-align-center\"><strong>Massages et soins \u00e9nerg\u00e9tiques Inspiration et relationnel<\/strong><\/h2>\n\n\n\n<div class=\"wp-block-media-text alignwide has-media-on-the-right is-stacked-on-mobile\" style=\"grid-template-columns:auto 40%\"><div class=\"wp-block-media-text__content\">\n<p>&#8211; Massage intuitif Niveau 1 et 2 \u00ab\u00a0Toucher Expert\u00a0\u00bb 2X2&nbsp;jours &nbsp;<br>&#8211; Massage femme enceinte 3 jours&nbsp;(21 heures)&nbsp; &nbsp;<br>&#8211; Massage b\u00e9b\u00e9 1&nbsp;jour&nbsp;(7&nbsp;heures)&nbsp; <br>&#8211; Massage post-natal 3 jours&nbsp;(21 heures)&nbsp; <br>&#8211; Massage enfant 2 jours (14 heures)&nbsp;<br>&#8211; Soins \u00e9nerg\u00e9tiques Niveau 1, 2 et 3&nbsp; 18&nbsp;jours (3X6&nbsp;jours)&nbsp; 126 heures&nbsp; &nbsp;<br>&#8211; Massage tib\u00e9tain&nbsp;sonore et vibratoire aux bols chantants&nbsp; &nbsp;2 jours (14 heures)&nbsp; &nbsp; &nbsp; &nbsp; &nbsp; <\/p>\n<\/div><figure class=\"wp-block-media-text__media\"><img loading=\"lazy\" decoding=\"async\" width=\"1024\" height=\"683\" src=\"https:\/\/espacedespossibles.fr\/wp-content\/uploads\/2022\/09\/wellness-285588_1920-1024x683.jpg\" alt=\"\" class=\"wp-image-369 size-full\" srcset=\"https:\/\/espacedespossibles.fr\/wp-content\/uploads\/2022\/09\/wellness-285588_1920-1024x683.jpg 1024w, https:\/\/espacedespossibles.fr\/wp-content\/uploads\/2022\/09\/wellness-285588_1920-300x200.jpg 300w, https:\/\/espacedespossibles.fr\/wp-content\/uploads\/2022\/09\/wellness-285588_1920-768x512.jpg 768w, https:\/\/espacedespossibles.fr\/wp-content\/uploads\/2022\/09\/wellness-285588_1920-1536x1024.jpg 1536w, https:\/\/espacedespossibles.fr\/wp-content\/uploads\/2022\/09\/wellness-285588_1920-930x620.jpg 930w, https:\/\/espacedespossibles.fr\/wp-content\/uploads\/2022\/09\/wellness-285588_1920.jpg 1920w\" sizes=\"auto, (max-width: 1024px) 100vw, 1024px\" \/><\/figure><\/div>\n\n\n\n<hr class=\"wp-block-separator has-alpha-channel-opacity\"\/>\n\n\n\n<h2 class=\"wp-block-heading has-text-align-center\"><strong>Massages Esth\u00e9tiques et sportifs<\/strong><\/h2>\n\n\n\n<div class=\"wp-block-media-text alignwide is-stacked-on-mobile\" style=\"grid-template-columns:40% auto\"><figure class=\"wp-block-media-text__media\"><img loading=\"lazy\" decoding=\"async\" width=\"1024\" height=\"683\" src=\"https:\/\/espacedespossibles.fr\/wp-content\/uploads\/2022\/09\/massage-1929064_1920-1024x683.jpg\" alt=\"\" class=\"wp-image-362 size-full\" srcset=\"https:\/\/espacedespossibles.fr\/wp-content\/uploads\/2022\/09\/massage-1929064_1920-1024x683.jpg 1024w, https:\/\/espacedespossibles.fr\/wp-content\/uploads\/2022\/09\/massage-1929064_1920-300x200.jpg 300w, https:\/\/espacedespossibles.fr\/wp-content\/uploads\/2022\/09\/massage-1929064_1920-768x512.jpg 768w, https:\/\/espacedespossibles.fr\/wp-content\/uploads\/2022\/09\/massage-1929064_1920-1536x1024.jpg 1536w, https:\/\/espacedespossibles.fr\/wp-content\/uploads\/2022\/09\/massage-1929064_1920-930x620.jpg 930w, https:\/\/espacedespossibles.fr\/wp-content\/uploads\/2022\/09\/massage-1929064_1920.jpg 1920w\" sizes=\"auto, (max-width: 1024px) 100vw, 1024px\" \/><\/figure><div class=\"wp-block-media-text__content\">\n<p>&#8211; Massage lifting japonais du visage Kobido 3 jours&nbsp;(21 heures)&nbsp; &nbsp;<br>&#8211; Massage colombien mad\u00e9roth\u00e9rapie corps&nbsp;2 jours (14 heures)<br>&#8211; Mad\u00e9roth\u00e9rapie visage 1 jour (7 heures)<br>&#8211; Massage drainant br\u00e9silien corps 2 jours (14 heures)<br>&#8211; Massage drainant br\u00e9silien visage 1 jour (7 heures)<br>&#8211; Massage amincissant 3 jours (21 heures)&nbsp;<br>&#8211; Massage Lympho-drainant&nbsp;2 jours (14 heures)&nbsp;<br>&#8211; Massage su\u00e9dois 3 jours&nbsp;(21 heures)&nbsp; &nbsp;<br>&#8211; Massage bambous sur demande \u00e0 partir de 4 personnes int\u00e9ress\u00e9es 3 jours&nbsp;(21 heures)&nbsp; &nbsp;<br>&#8211; Massage balinais 3 jours&nbsp;(21 heures)&nbsp;<br>&#8211; Yoga du visage 2 jours (14 heures)<\/p>\n<\/div><\/div>\n\n\n\n<hr class=\"wp-block-separator has-alpha-channel-opacity\"\/>\n\n\n\n<h2 class=\"wp-block-heading has-text-align-center\">Massages et soins&nbsp;Psycho-Energie<\/h2>\n\n\n\n<div class=\"wp-block-media-text alignwide has-media-on-the-right is-stacked-on-mobile\" style=\"grid-template-columns:auto 40%\"><div class=\"wp-block-media-text__content\">\n<p>&#8211; Massage Chi nei tsang 7 jours (49 heures)<br>&#8211; Massage biodynamique 4 jours (28 heures)<br>&#8211; Langage corporel et massage biodynamique niveau 1 et 2 2X2 jours (14 heures)X2<br>&#8211; Massage Lympho-drainant 2 jours (14 heures)<br>&#8211; Soins \u00e9nerg\u00e9tiques Niveau 1, 2 et 3&nbsp; 18&nbsp;jours (3X6&nbsp;jours)&nbsp; 42 heuresX3: (126 heures)<\/p>\n<\/div><figure class=\"wp-block-media-text__media\"><img loading=\"lazy\" decoding=\"async\" width=\"1024\" height=\"683\" src=\"https:\/\/espacedespossibles.fr\/wp-content\/uploads\/2022\/09\/massage-2717431_1920-1024x683.jpg\" alt=\"\" class=\"wp-image-363 size-full\" srcset=\"https:\/\/espacedespossibles.fr\/wp-content\/uploads\/2022\/09\/massage-2717431_1920-1024x683.jpg 1024w, https:\/\/espacedespossibles.fr\/wp-content\/uploads\/2022\/09\/massage-2717431_1920-300x200.jpg 300w, https:\/\/espacedespossibles.fr\/wp-content\/uploads\/2022\/09\/massage-2717431_1920-768x512.jpg 768w, https:\/\/espacedespossibles.fr\/wp-content\/uploads\/2022\/09\/massage-2717431_1920-1536x1024.jpg 1536w, https:\/\/espacedespossibles.fr\/wp-content\/uploads\/2022\/09\/massage-2717431_1920-930x620.jpg 930w, https:\/\/espacedespossibles.fr\/wp-content\/uploads\/2022\/09\/massage-2717431_1920.jpg 1920w\" sizes=\"auto, (max-width: 1024px) 100vw, 1024px\" \/><\/figure><\/div>\n\n\n\n<div style=\"height:15px\" aria-hidden=\"true\" class=\"wp-block-spacer\"><\/div>\n\n\n\n<h2 class=\"wp-block-heading has-text-align-center has-nv-light-bg-background-color has-background\">Certification<\/h2>\n\n\n\n<p class=\"has-text-align-center\">Apr\u00e8s 120 heures de pratiques individuelles r\u00e9parties sur le temps de formation en vous entra\u00eenant sur vos proches, en participant \u00e0 des trainings inter stagiaires, lors de stages en spas, r\u00e9vision de la th\u00e9orie. Lorsque vous vous sentez pr\u00eats, vous venez passer votre certification avec votre&nbsp;mod\u00e8le.&nbsp;Validation des blocs de comp\u00e9tences suivants :<\/p>\n\n\n\n<figure class=\"wp-block-table\"><table><tbody><tr><td class=\"has-text-align-center\" data-align=\"center\"><strong>Th\u00e9orique<\/strong><\/td><td class=\"has-text-align-center\" data-align=\"center\"><strong>Pratique<\/strong><\/td><\/tr><tr><td class=\"has-text-align-center\" data-align=\"center\">&#8211; Questions-r\u00e9ponses sur le d\u00e9roulement de votre s\u00e9ance, l&rsquo;\u00e9thique et la d\u00e9ontologie du praticien<br>&#8211; Remise de livret du stagiaire compl\u00e9t\u00e9 des t\u00e9moignages de vos mod\u00e8les, de votre rapport de formation<\/td><td class=\"has-text-align-center\" data-align=\"center\">&nbsp;D\u00e9monstration d&rsquo;une s\u00e9ance compl\u00e8te avec accueil du client et la d\u00e9monstration d&rsquo;un massage tir\u00e9 au sort parmi ceux \u00e9tudi\u00e9s<br>Les dates de l\u2019examen sont \u00e9tablies d\u2019un commun accord avec l&rsquo;\u00e9tudiant(e) et le jury compos\u00e9 de la directrice, de l&rsquo;\u00e9quipe du centre,&nbsp;d&rsquo;un professionnel ext\u00e9rieur \u00e0 l&rsquo;\u00e9cole.<\/td><\/tr><\/tbody><\/table><figcaption class=\"wp-element-caption\">Dur\u00e9e&nbsp;: 3h00 &#8211; Premier passage offert.<\/figcaption><\/figure>\n\n\n\n<h2 class=\"wp-block-heading has-text-align-center has-nv-light-bg-background-color has-background\">Tarifs<\/h2>\n\n\n\n<figure class=\"wp-block-table\"><table><tbody><tr><td class=\"has-text-align-center\" data-align=\"center\">Tarifs R\u00e9duit Particuliers<\/td><td class=\"has-text-align-center\" data-align=\"center\">Tarifs Pris en Charge<\/td><td class=\"has-text-align-center\" data-align=\"center\">Tarifs R\u00e9duit Particuliers<\/td><td class=\"has-text-align-center\" data-align=\"center\">Tarifs Pris en Charge<\/td><\/tr><tr><td class=\"has-text-align-center\" data-align=\"center\">2370&nbsp;\u20ac&nbsp;<br><em>Acompte pour la r\u00e9servation&nbsp;: 300 \u20ac \u00e0 l\u2019ordre d&rsquo;Espace des Possibles formations<\/em><\/td><td class=\"has-text-align-center\" data-align=\"center\">2880 \u20ac<br>Une inscription par module est \u00e9galement possible<\/td><td class=\"has-text-align-center\" data-align=\"center\">790&nbsp;\u20ac les 6 jours de formation (42 heures)<\/td><td class=\"has-text-align-center\" data-align=\"center\">960 \u20ac<br>Le contenu d\u00e9taill\u00e9 de chaque module vous sera envoy\u00e9 sur simple demande.<\/td><\/tr><\/tbody><\/table><figcaption class=\"wp-element-caption\"><strong>Une remise de 10 % &nbsp;(2133&nbsp;\u20ac) sur la formation compl\u00e8te sera accord\u00e9e dans les cas suivants&nbsp;<\/strong>: Etudiants (Justificatif), Personnes inscrites a Pole Emploi justifiant de &#8211; 800\u20ac par mois<\/figcaption><\/figure>\n\n\n\n<h2 class=\"wp-block-heading has-text-align-center has-nv-light-bg-background-color has-background\">Infos Pratiques<\/h2>\n\n\n\n<p class=\"has-text-align-center\"><strong>Mat\u00e9riel \u00e0 pr\u00e9voir<\/strong>&nbsp;: Un grand drap de bain ou par\u00e9o ou douta pour la table de soin.<\/p>\n\n\n\n<p class=\"has-text-align-center\">&nbsp;<strong>Pr\u00e9voir<\/strong> une paire de chaussure\/chausson destin\u00e9 \u00e0 l\u2019int\u00e9rieur.<\/p>\n\n\n\n<p class=\"has-text-align-center\"><strong>Tenue&nbsp;:<\/strong>&nbsp; tenue confortable pour pratiquer.&nbsp;<\/p>\n\n\n\n<p class=\"has-text-align-center\">Les repas peuvent \u00eatre pris sur place avec ce que chacun am\u00e8ne<\/p>\n\n\n\n<div class=\"wp-block-buttons is-content-justification-center is-layout-flex wp-container-core-buttons-is-layout-16018d1d wp-block-buttons-is-layout-flex\">\n<div class=\"wp-block-button has-custom-width wp-block-button__width-25 is-style-primary\"><a class=\"wp-block-button__link wp-element-button\" href=\"https:\/\/espacedespossibles.fr\/?page_id=75\">Inscription<\/a><\/div>\n<\/div>\n\n\n\n<p><\/p>\n","protected":false},"excerpt":{"rendered":"<p>\u263c 18 Jours \u058e 126 Heures \u2642\u2640 Tout Public \u06de Rythme Personnalisable \u20ac Financement Adapt\u00e9 Devenez masseur bien-\u00eatre professionnel certifi\u00e9 \u00e0 l\u2019\u00e9cole Espace des possibles formations Objectifs de la formation&hellip;&nbsp;<a href=\"https:\/\/espacedespossibles.fr\/?page_id=680\" rel=\"bookmark\">Lire la suite &raquo;<span class=\"screen-reader-text\">Praticien en massage et bien-\u00eatre<\/span><\/a><\/p>\n","protected":false},"author":1,"featured_media":0,"parent":0,"menu_order":0,"comment_status":"closed","ping_status":"closed","template":"","meta":{"om_disable_all_campaigns":false,"_eb_attr":"","_monsterinsights_skip_tracking":false,"_monsterinsights_sitenote_active":false,"_monsterinsights_sitenote_note":"","_monsterinsights_sitenote_category":0,"_uf_show_specific_survey":0,"_uf_disable_surveys":false,"neve_meta_sidebar":"","neve_meta_container":"","neve_meta_enable_content_width":"","neve_meta_content_width":0,"neve_meta_title_alignment":"","neve_meta_author_avatar":"","neve_post_elements_order":"","neve_meta_disable_header":"","neve_meta_disable_footer":"","neve_meta_disable_title":"","footnotes":""},"class_list":["post-680","page","type-page","status-publish","hentry"],"aioseo_notices":[],"jetpack_sharing_enabled":true,"_links":{"self":[{"href":"https:\/\/espacedespossibles.fr\/index.php?rest_route=\/wp\/v2\/pages\/680","targetHints":{"allow":["GET"]}}],"collection":[{"href":"https:\/\/espacedespossibles.fr\/index.php?rest_route=\/wp\/v2\/pages"}],"about":[{"href":"https:\/\/espacedespossibles.fr\/index.php?rest_route=\/wp\/v2\/types\/page"}],"author":[{"embeddable":true,"href":"https:\/\/espacedespossibles.fr\/index.php?rest_route=\/wp\/v2\/users\/1"}],"replies":[{"embeddable":true,"href":"https:\/\/espacedespossibles.fr\/index.php?rest_route=%2Fwp%2Fv2%2Fcomments&post=680"}],"version-history":[{"count":20,"href":"https:\/\/espacedespossibles.fr\/index.php?rest_route=\/wp\/v2\/pages\/680\/revisions"}],"predecessor-version":[{"id":1051,"href":"https:\/\/espacedespossibles.fr\/index.php?rest_route=\/wp\/v2\/pages\/680\/revisions\/1051"}],"wp:attachment":[{"href":"https:\/\/espacedespossibles.fr\/index.php?rest_route=%2Fwp%2Fv2%2Fmedia&parent=680"}],"curies":[{"name":"wp","href":"https:\/\/api.w.org\/{rel}","templated":true}]}}