{"id":69,"date":"2020-01-27T08:05:29","date_gmt":"2020-01-27T08:05:29","guid":{"rendered":"https:\/\/demosites.io\/web-agency-gb\/?page_id=69"},"modified":"2023-08-30T10:36:28","modified_gmt":"2023-08-30T10:36:28","slug":"15c42-web-agency-gb-portfolio","status":"publish","type":"page","link":"https:\/\/espacedespossibles.fr\/?page_id=69","title":{"rendered":"Nos Formateurs"},"content":{"rendered":"\n<div class=\"wp-block-media-text alignwide is-stacked-on-mobile is-vertically-aligned-center\" style=\"grid-template-columns:20% auto\"><figure class=\"wp-block-media-text__media\"><img loading=\"lazy\" decoding=\"async\" width=\"360\" height=\"360\" src=\"https:\/\/espacedespossibles.fr\/wp-content\/uploads\/2023\/06\/1517432245048.jpeg\" alt=\"\" class=\"wp-image-986 size-full\" srcset=\"https:\/\/espacedespossibles.fr\/wp-content\/uploads\/2023\/06\/1517432245048.jpeg 360w, https:\/\/espacedespossibles.fr\/wp-content\/uploads\/2023\/06\/1517432245048-300x300.jpeg 300w, https:\/\/espacedespossibles.fr\/wp-content\/uploads\/2023\/06\/1517432245048-150x150.jpeg 150w\" sizes=\"auto, (max-width: 360px) 100vw, 360px\" \/><\/figure><div class=\"wp-block-media-text__content\">\n<p><strong>Manushka Chamboissier<\/strong><\/p>\n\n\n\n<p>Fondatrice et directrice du centre Espace des Possibles formations. Formatrice<strong> &nbsp;<\/strong>certifi\u00e9e en massage bien-\u00eatre et th\u00e9rapeute psycho-corporel. Professeure de yoga FFEY. Apr\u00e8s 25 ans d\u2019exp\u00e9riences et d\u2019accompagnement des personnes, Manushka transmet ses comp\u00e9tences et son exp\u00e9rience avec bienveillanceet ouverture. Praticienne certifi\u00e9e en &nbsp;massage de bien-\u00eatre , Formatrice certifi\u00e9e en soins \u00e9nerg\u00e9tiques et relations humaines. Elle anime les <strong>formations en massage ayurv\u00e9dique, californien, Shiro et Sarasvati abhyanga, en massage intuitif 1 et 2, en massage biodynamique, langage corporel et massage biodynamique 1 et 2, en massage sonores et vibratoires aux bols chantants,&nbsp; la formation praticien en soins \u00e9nerg\u00e9tiques, formation en communication non violente, ateliers en loi d\u2019Attraction\u2026<\/strong><\/p>\n<\/div><\/div>\n\n\n\n<div style=\"height:15px\" aria-hidden=\"true\" class=\"wp-block-spacer\"><\/div>\n\n\n\n<hr class=\"wp-block-separator has-alpha-channel-opacity\"\/>\n\n\n\n<div class=\"wp-block-group alignwide\"><div class=\"wp-block-group__inner-container is-layout-constrained wp-block-group-is-layout-constrained\">\n<div class=\"wp-block-media-text alignwide is-stacked-on-mobile\" style=\"grid-template-columns:20% auto\"><figure class=\"wp-block-media-text__media\"><img loading=\"lazy\" decoding=\"async\" width=\"460\" height=\"513\" src=\"https:\/\/espacedespossibles.fr\/wp-content\/uploads\/2023\/04\/Image5.jpg\" alt=\"\" class=\"wp-image-713 size-full\" srcset=\"https:\/\/espacedespossibles.fr\/wp-content\/uploads\/2023\/04\/Image5.jpg 460w, https:\/\/espacedespossibles.fr\/wp-content\/uploads\/2023\/04\/Image5-269x300.jpg 269w\" sizes=\"auto, (max-width: 460px) 100vw, 460px\" \/><\/figure><div class=\"wp-block-media-text__content\">\n<p><strong>B\u00e9atrice Filosa<\/strong><\/p>\n\n\n\n<p>Th\u00e9rapeute certifi\u00e9e en m\u00e9decine chinoise. Naturopathe certifi\u00e9e, formatrice et praticienne certifi\u00e9e en massage Chi nei tsang, reflexologie plantaire et kobido&nbsp;.<br>Dipl\u00f4m\u00e9e de l\u2019IMTC&nbsp;(Institut de M\u00e9decine Traditionnelle Chinoise) certifi\u00e9e par l\u2019universit\u00e9 de Shanghai,&nbsp;Dipl\u00f4m\u00e9e de&nbsp;l\u2019\u00e9cole de Naturopathie de Marseille, IFSH (Institut Fran\u00e7ais des Sciences de l\u2019Homme)<br>B\u00e9atrice enseigne le massage Chi Nei Tsang, la r\u00e9flexologie plantaire et le massage Kobido au sein de l\u2019\u00e9cole.Elle anime \u00e9galement un atelier d\u2019initiation \u00e0 l\u2019aromath\u00e9rapie.<\/p>\n<\/div><\/div>\n<\/div><\/div>\n\n\n\n<div style=\"height:14px\" aria-hidden=\"true\" class=\"wp-block-spacer\"><\/div>\n\n\n\n<hr class=\"wp-block-separator has-alpha-channel-opacity\"\/>\n\n\n\n<div class=\"wp-block-media-text alignwide is-stacked-on-mobile\" style=\"grid-template-columns:20% auto\"><figure class=\"wp-block-media-text__media\"><img loading=\"lazy\" decoding=\"async\" width=\"447\" height=\"501\" src=\"https:\/\/espacedespossibles.fr\/wp-content\/uploads\/2023\/04\/Image6.jpg\" alt=\"\" class=\"wp-image-714 size-full\" srcset=\"https:\/\/espacedespossibles.fr\/wp-content\/uploads\/2023\/04\/Image6.jpg 447w, https:\/\/espacedespossibles.fr\/wp-content\/uploads\/2023\/04\/Image6-268x300.jpg 268w\" sizes=\"auto, (max-width: 447px) 100vw, 447px\" \/><\/figure><div class=\"wp-block-media-text__content\">\n<p><strong>Isabelle Fabre-Maury<\/strong><\/p>\n\n\n\n<p>Formatrice et praticienne certifi\u00e9e en massages bien-\u00eatre, en massage cr\u00e9atif et en massage Tuina (Universit\u00e9 de Shanga\u00ef).<br>Form\u00e9e aux soins \u00e9nerg\u00e9tiques et au Reiki. Intervenante en entreprise et aupr\u00e8s de personnes handicap\u00e9es.<br>A l\u2019\u00e9cole, Isabelle enseigne les massages Lomi Lomi, massage Assis et massage Lympho-drainant.<\/p>\n<\/div><\/div>\n\n\n\n<div style=\"height:15px\" aria-hidden=\"true\" class=\"wp-block-spacer\"><\/div>\n\n\n\n<hr class=\"wp-block-separator has-alpha-channel-opacity\"\/>\n\n\n\n<div class=\"wp-block-media-text alignwide is-stacked-on-mobile\" style=\"grid-template-columns:20% auto\"><figure class=\"wp-block-media-text__media\"><img loading=\"lazy\" decoding=\"async\" width=\"1019\" height=\"1024\" src=\"https:\/\/espacedespossibles.fr\/wp-content\/uploads\/2023\/04\/Carole-Durand-1019x1024.png\" alt=\"\" class=\"wp-image-880 size-full\" srcset=\"https:\/\/espacedespossibles.fr\/wp-content\/uploads\/2023\/04\/Carole-Durand-1019x1024.png 1019w, https:\/\/espacedespossibles.fr\/wp-content\/uploads\/2023\/04\/Carole-Durand-298x300.png 298w, https:\/\/espacedespossibles.fr\/wp-content\/uploads\/2023\/04\/Carole-Durand-150x150.png 150w, https:\/\/espacedespossibles.fr\/wp-content\/uploads\/2023\/04\/Carole-Durand-768x772.png 768w, https:\/\/espacedespossibles.fr\/wp-content\/uploads\/2023\/04\/Carole-Durand-1528x1536.png 1528w, https:\/\/espacedespossibles.fr\/wp-content\/uploads\/2023\/04\/Carole-Durand-2037x2048.png 2037w\" sizes=\"auto, (max-width: 1019px) 100vw, 1019px\" \/><\/figure><div class=\"wp-block-media-text__content\">\n<p><strong>Carole Durand<\/strong><br><br>Formatrice et praticienne certifi\u00e9e en massages de Bien-\u00catre.<br>Certifi\u00e9e en massage bien-\u00eatre et dipl\u00f4m\u00e9e en d\u00e9veloppement commercial. Spa Manager. Certifi\u00e9e en massage bien-\u00eatre et Jury en BTS esth\u00e9tique, dipl\u00f4m\u00e9e en d\u00e9veloppement, Carole met \u00e0 votre service sa disponibilit\u00e9, son dynamisme et sa bienveillance. Elle anime les formations en massage su\u00e9dois, amincissant, en drainage lymphatique br\u00e9silien, en mad\u00e9roth\u00e9rapie et d\u00e9veloppement commercial.<\/p>\n<\/div><\/div>\n\n\n\n<div style=\"height:14px\" aria-hidden=\"true\" class=\"wp-block-spacer\"><\/div>\n\n\n\n<hr class=\"wp-block-separator has-alpha-channel-opacity\"\/>\n\n\n\n<div class=\"wp-block-media-text alignwide is-stacked-on-mobile\" style=\"grid-template-columns:20% auto\"><figure class=\"wp-block-media-text__media\"><img loading=\"lazy\" decoding=\"async\" width=\"449\" height=\"529\" src=\"https:\/\/espacedespossibles.fr\/wp-content\/uploads\/2023\/04\/Christelle.jpg\" alt=\"\" class=\"wp-image-878 size-full\" srcset=\"https:\/\/espacedespossibles.fr\/wp-content\/uploads\/2023\/04\/Christelle.jpg 449w, https:\/\/espacedespossibles.fr\/wp-content\/uploads\/2023\/04\/Christelle-255x300.jpg 255w\" sizes=\"auto, (max-width: 449px) 100vw, 449px\" \/><\/figure><div class=\"wp-block-media-text__content\">\n<p><strong>Christelle Cesca<\/strong><\/p>\n\n\n\n<p>Dipl\u00f4m\u00e9e en esth\u00e9tique et formatrice certifi\u00e9e en massage bien-\u00eatre, manager spa et conseill\u00e8re en naturopathie.<\/p>\n\n\n\n<p>Apr\u00e8s plus de 25 ans d\u2019exp\u00e9rience dans le domaine de l\u2019esth\u00e9tique et du massage bien-\u00eatre, transmettre ses comp\u00e9tences et sa passion pour les massages bien-\u00eatre sont devenus une \u00e9vidence pour elle.&nbsp; A l\u2019Espace des Possibles formations, Christelle anime les formations en massage Kobido, amincissant et balinais.<br><\/p>\n<\/div><\/div>\n\n\n\n<div style=\"height:15px\" aria-hidden=\"true\" class=\"wp-block-spacer\"><\/div>\n\n\n\n<hr class=\"wp-block-separator has-alpha-channel-opacity\"\/>\n\n\n\n<div class=\"wp-block-media-text alignwide is-stacked-on-mobile\" style=\"grid-template-columns:20% auto\"><figure class=\"wp-block-media-text__media\"><img loading=\"lazy\" decoding=\"async\" width=\"785\" height=\"1024\" src=\"https:\/\/espacedespossibles.fr\/wp-content\/uploads\/2023\/06\/myriam-Kamala-femme-enceinte-bebe-posnatal-785x1024.jpeg\" alt=\"\" class=\"wp-image-983 size-full\" srcset=\"https:\/\/espacedespossibles.fr\/wp-content\/uploads\/2023\/06\/myriam-Kamala-femme-enceinte-bebe-posnatal-785x1024.jpeg 785w, https:\/\/espacedespossibles.fr\/wp-content\/uploads\/2023\/06\/myriam-Kamala-femme-enceinte-bebe-posnatal-230x300.jpeg 230w, https:\/\/espacedespossibles.fr\/wp-content\/uploads\/2023\/06\/myriam-Kamala-femme-enceinte-bebe-posnatal-768x1002.jpeg 768w, https:\/\/espacedespossibles.fr\/wp-content\/uploads\/2023\/06\/myriam-Kamala-femme-enceinte-bebe-posnatal.jpeg 1140w\" sizes=\"auto, (max-width: 785px) 100vw, 785px\" \/><\/figure><div class=\"wp-block-media-text__content\">\n<p><strong>Myriam Kamala<\/strong><\/p>\n\n\n\n<p>Praticienne en psychoth\u00e9rapie.<br>Th\u00e9rapeute de couple. Sophrologue<br>Formation \u00e9cole Efds. Praticienne en hypnose. Sp\u00e9cialis\u00e9e en p\u00e9rinatalit\u00e9.<br>Elle assure les formations en massage femme enceinte et massage b\u00e9b\u00e9.<\/p>\n<\/div><\/div>\n\n\n\n<div style=\"height:30px\" aria-hidden=\"true\" class=\"wp-block-spacer\"><\/div>\n\n\n\n<div class=\"wp-block-cover alignfull\" style=\"min-height:300px;aspect-ratio:unset;\"><span aria-hidden=\"true\" class=\"wp-block-cover__background has-nv-dark-bg-background-color has-background-dim-100 has-background-dim\"><\/span><div class=\"wp-block-cover__inner-container is-layout-flow wp-block-cover-is-layout-flow\">\n<p class=\"has-text-align-center\"><mark style=\"background-color:rgba(0, 0, 0, 0);color:#cacaca\" class=\"has-inline-color\">L\u2019enseignement propos\u00e9 nous invite \u00e0 d\u00e9couvrir et exp\u00e9rimenter les moyens qui sont \u00e0 notre port\u00e9e, pour nous reconnecter et nous aligner dans l\u2019Unit\u00e9 du Vivant en nous, d\u00e9couvrir, agir et transmettre le meilleur de nous-m\u00eame au service de la Vie. Devenir co-cr\u00e9ateur et acteur de sa vie en accueillant notre fragilit\u00e9, nos faiblesses d\u2019humain et nos forces.<\/mark><\/p>\n\n\n\n<p class=\"has-text-align-center has-nv-text-dark-bg-color has-text-color\" style=\"font-size:14px\"><mark style=\"background-color:rgba(0, 0, 0, 0)\" class=\"has-inline-color has-nv-light-bg-color\">\u00a0\u00bb Manoushka Chamboissier \u00ab\u00a0<\/mark><\/p>\n\n\n\n<div style=\"height:80px\" aria-hidden=\"true\" class=\"wp-block-spacer\"><\/div>\n<\/div><\/div>\n","protected":false},"excerpt":{"rendered":"<p>Manushka Chamboissier Fondatrice et directrice du centre Espace des Possibles formations. Formatrice &nbsp;certifi\u00e9e en massage bien-\u00eatre et th\u00e9rapeute psycho-corporel. Professeure de yoga FFEY. Apr\u00e8s 25 ans d\u2019exp\u00e9riences et d\u2019accompagnement des&hellip;&nbsp;<a href=\"https:\/\/espacedespossibles.fr\/?page_id=69\" rel=\"bookmark\">Lire la suite &raquo;<span class=\"screen-reader-text\">Nos Formateurs<\/span><\/a><\/p>\n","protected":false},"author":1,"featured_media":0,"parent":0,"menu_order":0,"comment_status":"closed","ping_status":"closed","template":"","meta":{"om_disable_all_campaigns":false,"_eb_attr":"","_monsterinsights_skip_tracking":false,"_monsterinsights_sitenote_active":false,"_monsterinsights_sitenote_note":"","_monsterinsights_sitenote_category":0,"_uf_show_specific_survey":0,"_uf_disable_surveys":false,"neve_meta_sidebar":"default","neve_meta_container":"default","neve_meta_enable_content_width":"off","neve_meta_content_width":100,"neve_meta_title_alignment":"","neve_meta_author_avatar":"","neve_post_elements_order":"","neve_meta_disable_header":"","neve_meta_disable_footer":"","neve_meta_disable_title":"off","footnotes":""},"class_list":["post-69","page","type-page","status-publish","hentry"],"aioseo_notices":[],"jetpack_sharing_enabled":true,"_links":{"self":[{"href":"https:\/\/espacedespossibles.fr\/index.php?rest_route=\/wp\/v2\/pages\/69","targetHints":{"allow":["GET"]}}],"collection":[{"href":"https:\/\/espacedespossibles.fr\/index.php?rest_route=\/wp\/v2\/pages"}],"about":[{"href":"https:\/\/espacedespossibles.fr\/index.php?rest_route=\/wp\/v2\/types\/page"}],"author":[{"embeddable":true,"href":"https:\/\/espacedespossibles.fr\/index.php?rest_route=\/wp\/v2\/users\/1"}],"replies":[{"embeddable":true,"href":"https:\/\/espacedespossibles.fr\/index.php?rest_route=%2Fwp%2Fv2%2Fcomments&post=69"}],"version-history":[{"count":42,"href":"https:\/\/espacedespossibles.fr\/index.php?rest_route=\/wp\/v2\/pages\/69\/revisions"}],"predecessor-version":[{"id":1048,"href":"https:\/\/espacedespossibles.fr\/index.php?rest_route=\/wp\/v2\/pages\/69\/revisions\/1048"}],"wp:attachment":[{"href":"https:\/\/espacedespossibles.fr\/index.php?rest_route=%2Fwp%2Fv2%2Fmedia&parent=69"}],"curies":[{"name":"wp","href":"https:\/\/api.w.org\/{rel}","templated":true}]}}