{"id":71,"date":"2020-01-27T08:15:05","date_gmt":"2020-01-27T08:15:05","guid":{"rendered":"https:\/\/demosites.io\/web-agency-gb\/?page_id=71"},"modified":"2023-04-14T17:53:15","modified_gmt":"2023-04-14T17:53:15","slug":"15c42-web-agency-gb-portfolio-single","status":"publish","type":"page","link":"https:\/\/espacedespossibles.fr\/?page_id=71","title":{"rendered":"Cursus Praticien"},"content":{"rendered":"\n<hr class=\"wp-block-separator has-alpha-channel-opacity\"\/>\n\n\n\n<h2 class=\"has-text-align-center has-nv-dark-bg-color has-neve-link-color-background-color has-text-color has-background has-large-font-size wp-block-heading\">Praticien en soins \u00e9nerg\u00e9tiques<\/h2>\n\n\n\n<div class=\"wp-block-media-text alignwide is-stacked-on-mobile\" style=\"grid-template-columns:40% auto\"><figure class=\"wp-block-media-text__media\"><a href=\"https:\/\/espacedespossibles.fr\/?page_id=660\"><img loading=\"lazy\" decoding=\"async\" width=\"1024\" height=\"683\" src=\"https:\/\/espacedespossibles.fr\/wp-content\/uploads\/2022\/09\/wellness-285587_1920-1024x683.jpg\" alt=\"\" class=\"wp-image-368 size-full\" srcset=\"https:\/\/espacedespossibles.fr\/wp-content\/uploads\/2022\/09\/wellness-285587_1920-1024x683.jpg 1024w, https:\/\/espacedespossibles.fr\/wp-content\/uploads\/2022\/09\/wellness-285587_1920-300x200.jpg 300w, https:\/\/espacedespossibles.fr\/wp-content\/uploads\/2022\/09\/wellness-285587_1920-768x512.jpg 768w, https:\/\/espacedespossibles.fr\/wp-content\/uploads\/2022\/09\/wellness-285587_1920-1536x1024.jpg 1536w, https:\/\/espacedespossibles.fr\/wp-content\/uploads\/2022\/09\/wellness-285587_1920-930x620.jpg 930w, https:\/\/espacedespossibles.fr\/wp-content\/uploads\/2022\/09\/wellness-285587_1920.jpg 1920w\" sizes=\"auto, (max-width: 1024px) 100vw, 1024px\" \/><\/a><\/figure><div class=\"wp-block-media-text__content\">\n<p>Cette formation s\u2019inscrit dans\u00a0<strong>une vision globale de l\u2019\u00eatre humain.<\/strong>\u00a0<br>Elle a pour objectif de\u00a0<strong>d\u00e9velopper ses perceptions extrasensorielles, d\u2019apprendre \u00e0 \u00e9tablir un bilan \u00e9nerg\u00e9tique, d\u2019acqu\u00e9rir ou d\u00e9velopper ses comp\u00e9tences en magn\u00e9tisme et soins \u00e9nerg\u00e9tiques, d\u2019accompagner les personnes dans<\/strong>\u00a0le r\u00e9tablissement de la libre circulation \u00e9nerg\u00e9tique, de\u00a0<strong>stimuler l\u2019\u00e9mergence du potentiel cr\u00e9ateur de l\u2019\u00eatre<\/strong>\u00a0\u00e0 travers l\u2019exp\u00e9rimentation vivante des \u00e9l\u00e9ments de la formation propos\u00e9e.<\/p>\n<\/div><\/div>\n\n\n\n<h2 class=\"has-text-align-center has-nv-light-bg-background-color has-background has-large-font-size wp-block-heading\">Praticien en massage bien-\u00eatre<\/h2>\n\n\n\n<div class=\"wp-block-media-text alignwide has-media-on-the-right is-stacked-on-mobile\" style=\"grid-template-columns:auto 40%\"><div class=\"wp-block-media-text__content\">\n<div class=\"wp-block-group is-vertical is-layout-flex wp-container-core-group-is-layout-8cf370e7 wp-block-group-is-layout-flex\">\n<div class=\"wp-block-group is-vertical is-layout-flex wp-container-core-group-is-layout-8cf370e7 wp-block-group-is-layout-flex\">\n<p>Ouverte \u00e0 tous, la <strong>formation professionnelle certifi\u00e9e en Massage Bien-Etre<\/strong> a pour objectif &nbsp;l<strong>\u2019acquisition des comp\u00e9tences du m\u00e9tier de praticien en massage bien-\u00eatre<\/strong>. Elle int\u00e8gre les<strong> techniques des massages traditionnels<\/strong>, <strong>psychocorporel<\/strong>, ainsi que les techniques plus r\u00e9centes.<br>Le programme comprend au minimum 200 heures de formation <strong>r\u00e9parties&nbsp;en modules<\/strong>, compl\u00e9t\u00e9es&nbsp;par 120 heures de pratique personnelle.<br>Le <strong>choix des modules est \u00e0 la carte et au rythme de chacun<\/strong> permettant d\u2019\u00eatre au <strong>plus proche des demandes <\/strong>de nos stagiaires.<\/p>\n<\/div>\n<\/div>\n<\/div><figure class=\"wp-block-media-text__media\"><a href=\"https:\/\/espacedespossibles.fr\/?page_id=680\"><img loading=\"lazy\" decoding=\"async\" width=\"1024\" height=\"683\" src=\"https:\/\/espacedespossibles.fr\/wp-content\/uploads\/2023\/04\/lower-back-massage-1024x683.jpg\" alt=\"\" class=\"wp-image-666 size-full\" srcset=\"https:\/\/espacedespossibles.fr\/wp-content\/uploads\/2023\/04\/lower-back-massage-1024x683.jpg 1024w, https:\/\/espacedespossibles.fr\/wp-content\/uploads\/2023\/04\/lower-back-massage-300x200.jpg 300w, https:\/\/espacedespossibles.fr\/wp-content\/uploads\/2023\/04\/lower-back-massage-768x512.jpg 768w, https:\/\/espacedespossibles.fr\/wp-content\/uploads\/2023\/04\/lower-back-massage-1536x1025.jpg 1536w, https:\/\/espacedespossibles.fr\/wp-content\/uploads\/2023\/04\/lower-back-massage-2048x1366.jpg 2048w, https:\/\/espacedespossibles.fr\/wp-content\/uploads\/2023\/04\/lower-back-massage-930x620.jpg 930w\" sizes=\"auto, (max-width: 1024px) 100vw, 1024px\" \/><\/a><\/figure><\/div>\n\n\n\n<div style=\"height:25px\" aria-hidden=\"true\" class=\"wp-block-spacer\"><\/div>\n\n\n\n<p><\/p>\n","protected":false},"excerpt":{"rendered":"<p>Praticien en soins \u00e9nerg\u00e9tiques Cette formation s\u2019inscrit dans\u00a0une vision globale de l\u2019\u00eatre humain.\u00a0Elle a pour objectif de\u00a0d\u00e9velopper ses perceptions extrasensorielles, d\u2019apprendre \u00e0 \u00e9tablir un bilan \u00e9nerg\u00e9tique, d\u2019acqu\u00e9rir ou d\u00e9velopper ses&hellip;&nbsp;<a href=\"https:\/\/espacedespossibles.fr\/?page_id=71\" rel=\"bookmark\">Lire la suite &raquo;<span class=\"screen-reader-text\">Cursus Praticien<\/span><\/a><\/p>\n","protected":false},"author":1,"featured_media":0,"parent":0,"menu_order":0,"comment_status":"closed","ping_status":"closed","template":"","meta":{"om_disable_all_campaigns":false,"_eb_attr":"","_monsterinsights_skip_tracking":false,"_monsterinsights_sitenote_active":false,"_monsterinsights_sitenote_note":"","_monsterinsights_sitenote_category":0,"_uf_show_specific_survey":0,"_uf_disable_surveys":false,"neve_meta_sidebar":"default","neve_meta_container":"","neve_meta_enable_content_width":"on","neve_meta_content_width":100,"neve_meta_title_alignment":"","neve_meta_author_avatar":"","neve_post_elements_order":"","neve_meta_disable_header":"","neve_meta_disable_footer":"","neve_meta_disable_title":"off","footnotes":""},"class_list":["post-71","page","type-page","status-publish","hentry"],"aioseo_notices":[],"jetpack_sharing_enabled":true,"_links":{"self":[{"href":"https:\/\/espacedespossibles.fr\/index.php?rest_route=\/wp\/v2\/pages\/71","targetHints":{"allow":["GET"]}}],"collection":[{"href":"https:\/\/espacedespossibles.fr\/index.php?rest_route=\/wp\/v2\/pages"}],"about":[{"href":"https:\/\/espacedespossibles.fr\/index.php?rest_route=\/wp\/v2\/types\/page"}],"author":[{"embeddable":true,"href":"https:\/\/espacedespossibles.fr\/index.php?rest_route=\/wp\/v2\/users\/1"}],"replies":[{"embeddable":true,"href":"https:\/\/espacedespossibles.fr\/index.php?rest_route=%2Fwp%2Fv2%2Fcomments&post=71"}],"version-history":[{"count":43,"href":"https:\/\/espacedespossibles.fr\/index.php?rest_route=\/wp\/v2\/pages\/71\/revisions"}],"predecessor-version":[{"id":862,"href":"https:\/\/espacedespossibles.fr\/index.php?rest_route=\/wp\/v2\/pages\/71\/revisions\/862"}],"wp:attachment":[{"href":"https:\/\/espacedespossibles.fr\/index.php?rest_route=%2Fwp%2Fv2%2Fmedia&parent=71"}],"curies":[{"name":"wp","href":"https:\/\/api.w.org\/{rel}","templated":true}]}}