{"id":888,"date":"2023-04-20T08:54:27","date_gmt":"2023-04-20T08:54:27","guid":{"rendered":"https:\/\/espacesdespossibles.live-website.com\/?page_id=888"},"modified":"2023-06-15T15:03:10","modified_gmt":"2023-06-15T15:03:10","slug":"qui-sommes-nous","status":"publish","type":"page","link":"https:\/\/espacedespossibles.fr\/?page_id=888","title":{"rendered":"Qui sommes-nous ?"},"content":{"rendered":"\n<h1 class=\"wp-block-heading\" id=\"wt-container-instance-13848315\"><strong>Bienvenue sur le site de l\u2019\u00e9cole Espace Des Possibles formations \u00e0 Marseille et Aubagne<\/strong><\/h1>\n\n\n\n<p>L&rsquo;organisme de formation Espace Des Possibles formations vous souhaite la bienvenue sur son site. D\u00e9di\u00e9e au Toucher Conscient, elle offre des formations professionnelles et certifiantes dans les m\u00e9tiers du bien-\u00eatre.<\/p>\n\n\n\n<p>un cursus de praticien en massages de relaxation, ainsi qu&rsquo;un cursus de praticien en soins \u00e9nerg\u00e9tiques, des modules de formations \u00e0 la carte sont \u00e9galement propos\u00e9s ainsi que des ateliers pour apprendre \u00e0 mieux se conna\u00eetre et utiliser son potentiel cr\u00e9ateur.<\/p>\n\n\n\n<p>Organisme de formation professionnelle d\u00e9clar\u00e9e sous le num\u00e9ro d&rsquo;activit\u00e9\u00a093131755613 aupr\u00e8s du Pr\u00e9fet de la r\u00e9gion Provence Alpes-C\u00f4te-D\u2019Azur. <\/p>\n\n\n\n<p>Ce num\u00e9ro ne vaut pas agr\u00e9ment de l&rsquo;\u00e9tat<\/p>\n\n\n\n<p>Financement de votre formation possible, se renseigner<\/p>\n","protected":false},"excerpt":{"rendered":"<p>Bienvenue sur le site de l\u2019\u00e9cole Espace Des Possibles formations \u00e0 Marseille et Aubagne L&rsquo;organisme de formation Espace Des Possibles formations vous souhaite la bienvenue sur son site. D\u00e9di\u00e9e au&hellip;&nbsp;<a href=\"https:\/\/espacedespossibles.fr\/?page_id=888\" rel=\"bookmark\">Lire la suite &raquo;<span class=\"screen-reader-text\">Qui sommes-nous ?<\/span><\/a><\/p>\n","protected":false},"author":1,"featured_media":0,"parent":0,"menu_order":0,"comment_status":"closed","ping_status":"closed","template":"","meta":{"om_disable_all_campaigns":false,"_eb_attr":"","_monsterinsights_skip_tracking":false,"_monsterinsights_sitenote_active":false,"_monsterinsights_sitenote_note":"","_monsterinsights_sitenote_category":0,"_uf_show_specific_survey":0,"_uf_disable_surveys":false,"neve_meta_sidebar":"","neve_meta_container":"","neve_meta_enable_content_width":"","neve_meta_content_width":0,"neve_meta_title_alignment":"","neve_meta_author_avatar":"","neve_post_elements_order":"","neve_meta_disable_header":"","neve_meta_disable_footer":"","neve_meta_disable_title":"","footnotes":""},"class_list":["post-888","page","type-page","status-publish","hentry"],"aioseo_notices":[],"jetpack_sharing_enabled":true,"_links":{"self":[{"href":"https:\/\/espacedespossibles.fr\/index.php?rest_route=\/wp\/v2\/pages\/888","targetHints":{"allow":["GET"]}}],"collection":[{"href":"https:\/\/espacedespossibles.fr\/index.php?rest_route=\/wp\/v2\/pages"}],"about":[{"href":"https:\/\/espacedespossibles.fr\/index.php?rest_route=\/wp\/v2\/types\/page"}],"author":[{"embeddable":true,"href":"https:\/\/espacedespossibles.fr\/index.php?rest_route=\/wp\/v2\/users\/1"}],"replies":[{"embeddable":true,"href":"https:\/\/espacedespossibles.fr\/index.php?rest_route=%2Fwp%2Fv2%2Fcomments&post=888"}],"version-history":[{"count":2,"href":"https:\/\/espacedespossibles.fr\/index.php?rest_route=\/wp\/v2\/pages\/888\/revisions"}],"predecessor-version":[{"id":952,"href":"https:\/\/espacedespossibles.fr\/index.php?rest_route=\/wp\/v2\/pages\/888\/revisions\/952"}],"wp:attachment":[{"href":"https:\/\/espacedespossibles.fr\/index.php?rest_route=%2Fwp%2Fv2%2Fmedia&parent=888"}],"curies":[{"name":"wp","href":"https:\/\/api.w.org\/{rel}","templated":true}]}}