{"id":890,"date":"2023-04-20T08:54:27","date_gmt":"2023-04-20T08:54:27","guid":{"rendered":"https:\/\/espacesdespossibles.live-website.com\/?page_id=890"},"modified":"2023-06-15T15:03:57","modified_gmt":"2023-06-15T15:03:57","slug":"infos","status":"publish","type":"page","link":"https:\/\/espacedespossibles.fr\/?page_id=890","title":{"rendered":"Infos"},"content":{"rendered":"\n<h2 class=\"wp-block-heading\" id=\"wt-container-instance-13848811\"><strong>Comment se rendre \u00e0 l\u2019\u00e9cole Espace Des Possibles formations \u00e0 Marseille<\/strong><\/h2>\n\n\n\n<p>M\u00e9tro Gare St Charles direction et arr\u00eat Sainte-Marguerite &#8211; Dromel (terminus): Du m\u00e9tro : Bus 15 15S ou 17 Arr\u00eat la Sauvag\u00e8re (trajet environ 5 mn) ou 15 \u00e0 20 mn \u00e0 pied<\/p>\n\n\n\n<p>\u00c0 partir du centre-ville Castellane : Bus 18 Arr\u00eat Place de Pont de Vivaux&nbsp; puis 5 mn \u00e0 pied<\/p>\n\n\n\n<p>Adresse de l&rsquo;\u00e9cole&nbsp;<\/p>\n\n\n\n<p>34, bd Saccoman 13010 Marseille<\/p>\n","protected":false},"excerpt":{"rendered":"<p>Comment se rendre \u00e0 l\u2019\u00e9cole Espace Des Possibles formations \u00e0 Marseille M\u00e9tro Gare St Charles direction et arr\u00eat Sainte-Marguerite &#8211; Dromel (terminus): Du m\u00e9tro : Bus 15 15S ou 17&hellip;&nbsp;<a href=\"https:\/\/espacedespossibles.fr\/?page_id=890\" rel=\"bookmark\">Lire la suite &raquo;<span class=\"screen-reader-text\">Infos<\/span><\/a><\/p>\n","protected":false},"author":1,"featured_media":0,"parent":0,"menu_order":0,"comment_status":"closed","ping_status":"closed","template":"","meta":{"om_disable_all_campaigns":false,"_eb_attr":"","_monsterinsights_skip_tracking":false,"_monsterinsights_sitenote_active":false,"_monsterinsights_sitenote_note":"","_monsterinsights_sitenote_category":0,"_uf_show_specific_survey":0,"_uf_disable_surveys":false,"neve_meta_sidebar":"","neve_meta_container":"","neve_meta_enable_content_width":"","neve_meta_content_width":0,"neve_meta_title_alignment":"","neve_meta_author_avatar":"","neve_post_elements_order":"","neve_meta_disable_header":"","neve_meta_disable_footer":"","neve_meta_disable_title":"","footnotes":""},"class_list":["post-890","page","type-page","status-publish","hentry"],"aioseo_notices":[],"jetpack_sharing_enabled":true,"_links":{"self":[{"href":"https:\/\/espacedespossibles.fr\/index.php?rest_route=\/wp\/v2\/pages\/890","targetHints":{"allow":["GET"]}}],"collection":[{"href":"https:\/\/espacedespossibles.fr\/index.php?rest_route=\/wp\/v2\/pages"}],"about":[{"href":"https:\/\/espacedespossibles.fr\/index.php?rest_route=\/wp\/v2\/types\/page"}],"author":[{"embeddable":true,"href":"https:\/\/espacedespossibles.fr\/index.php?rest_route=\/wp\/v2\/users\/1"}],"replies":[{"embeddable":true,"href":"https:\/\/espacedespossibles.fr\/index.php?rest_route=%2Fwp%2Fv2%2Fcomments&post=890"}],"version-history":[{"count":2,"href":"https:\/\/espacedespossibles.fr\/index.php?rest_route=\/wp\/v2\/pages\/890\/revisions"}],"predecessor-version":[{"id":953,"href":"https:\/\/espacedespossibles.fr\/index.php?rest_route=\/wp\/v2\/pages\/890\/revisions\/953"}],"wp:attachment":[{"href":"https:\/\/espacedespossibles.fr\/index.php?rest_route=%2Fwp%2Fv2%2Fmedia&parent=890"}],"curies":[{"name":"wp","href":"https:\/\/api.w.org\/{rel}","templated":true}]}}