{"id":958,"date":"2023-06-16T13:31:02","date_gmt":"2023-06-16T13:31:02","guid":{"rendered":"https:\/\/espacesdespossibles.live-website.com\/?page_id=958"},"modified":"2023-06-16T13:31:03","modified_gmt":"2023-06-16T13:31:03","slug":"infos-2","status":"publish","type":"page","link":"https:\/\/espacedespossibles.fr\/?page_id=958","title":{"rendered":"Infos Pratiques"},"content":{"rendered":"\n<h2 class=\"wp-block-heading\" id=\"wt-container-instance-13848811\">Effectif <\/h2>\n\n\n\n<p>Formation Massage : Maximum 8 personnes avec r\u00e9vision gratuite<\/p>\n\n\n\n<p>Soins \u00e9nerg\u00e9tiques &amp; Ateliers : Maximum 12 personnes avec r\u00e9vision gratuite<\/p>\n\n\n\n<h2 class=\"wp-block-heading\">D\u00e9lai d&rsquo;acc\u00e8s<\/h2>\n\n\n\n<p>3 jours avant le d\u00e9but de la formation<\/p>\n\n\n\n<h2 class=\"wp-block-heading\">Accessibilit\u00e9 personnes handicap\u00e9es<\/h2>\n\n\n\n<p>Chaque demande de personne en situation de handicap sera \u00e9tudi\u00e9e au cas par cas afin d\u2019envisager une int\u00e9gration en formation.<\/p>\n\n\n\n<h2 class=\"wp-block-heading\">Contact<\/h2>\n\n\n\n<p>Responsable p\u00e9dagogique et administrative : Manushka Chamboissier 0687531115<\/p>\n\n\n\n<h2 class=\"wp-block-heading\">Public Concern\u00e9<\/h2>\n\n\n\n<p>Tout public concern\u00e9, notamment les professionnels du bien-\u00eatre, de la sant\u00e9 et de l\u2019esth\u00e9tique.<\/p>\n\n\n\n<h2 class=\"wp-block-heading\">Pr\u00e9 requis<\/h2>\n\n\n\n<p>S&rsquo;exprimer correctement en fran\u00e7ais<\/p>\n\n\n\n<h2 class=\"wp-block-heading\">Evaluation et modalit\u00e9s de certification<\/h2>\n\n\n\n<p>En\u00a0fin de matin\u00e9e et ou apr\u00e8s-midi de la derni\u00e8re\u00a0journ\u00e9e par d\u00e9monstration du massage ou du soin devant la formatrice.<br>( Evaluation en bin\u00f4mes entre participants ou sur mod\u00e8le)<\/p>\n\n\n\n<p><\/p>\n","protected":false},"excerpt":{"rendered":"<p>Effectif Formation Massage : Maximum 8 personnes avec r\u00e9vision gratuite Soins \u00e9nerg\u00e9tiques &amp; Ateliers : Maximum 12 personnes avec r\u00e9vision gratuite D\u00e9lai d&rsquo;acc\u00e8s 3 jours avant le d\u00e9but de la&hellip;&nbsp;<a href=\"https:\/\/espacedespossibles.fr\/?page_id=958\" rel=\"bookmark\">Lire la suite &raquo;<span class=\"screen-reader-text\">Infos Pratiques<\/span><\/a><\/p>\n","protected":false},"author":1,"featured_media":0,"parent":0,"menu_order":0,"comment_status":"closed","ping_status":"closed","template":"","meta":{"om_disable_all_campaigns":false,"_eb_attr":"","_monsterinsights_skip_tracking":false,"_monsterinsights_sitenote_active":false,"_monsterinsights_sitenote_note":"","_monsterinsights_sitenote_category":0,"_uf_show_specific_survey":0,"_uf_disable_surveys":false,"neve_meta_sidebar":"","neve_meta_container":"","neve_meta_enable_content_width":"","neve_meta_content_width":0,"neve_meta_title_alignment":"","neve_meta_author_avatar":"","neve_post_elements_order":"","neve_meta_disable_header":"","neve_meta_disable_footer":"","neve_meta_disable_title":"","footnotes":""},"class_list":["post-958","page","type-page","status-publish","hentry"],"aioseo_notices":[],"jetpack_sharing_enabled":true,"_links":{"self":[{"href":"https:\/\/espacedespossibles.fr\/index.php?rest_route=\/wp\/v2\/pages\/958","targetHints":{"allow":["GET"]}}],"collection":[{"href":"https:\/\/espacedespossibles.fr\/index.php?rest_route=\/wp\/v2\/pages"}],"about":[{"href":"https:\/\/espacedespossibles.fr\/index.php?rest_route=\/wp\/v2\/types\/page"}],"author":[{"embeddable":true,"href":"https:\/\/espacedespossibles.fr\/index.php?rest_route=\/wp\/v2\/users\/1"}],"replies":[{"embeddable":true,"href":"https:\/\/espacedespossibles.fr\/index.php?rest_route=%2Fwp%2Fv2%2Fcomments&post=958"}],"version-history":[{"count":1,"href":"https:\/\/espacedespossibles.fr\/index.php?rest_route=\/wp\/v2\/pages\/958\/revisions"}],"predecessor-version":[{"id":959,"href":"https:\/\/espacedespossibles.fr\/index.php?rest_route=\/wp\/v2\/pages\/958\/revisions\/959"}],"wp:attachment":[{"href":"https:\/\/espacedespossibles.fr\/index.php?rest_route=%2Fwp%2Fv2%2Fmedia&parent=958"}],"curies":[{"name":"wp","href":"https:\/\/api.w.org\/{rel}","templated":true}]}}